{"id":996,"date":"2017-02-27T22:22:55","date_gmt":"2017-02-27T20:22:55","guid":{"rendered":"http:\/\/www.blosari.com\/blosari\/?product=streaming-pdf"},"modified":"2019-06-11T17:33:23","modified_gmt":"2019-06-11T15:33:23","slug":"streaming-pdf","status":"publish","type":"product","link":"https:\/\/www.blosari.com\/blosari\/product\/streaming-pdf\/","title":{"rendered":"STREAMING (PDF)"},"content":{"rendered":"<p><a href=\"http:\/\/www.blosari.com\/blosari\/wp-content\/uploads\/2017\/02\/S\u00c4VELT\u00c4J\u00c4SIVU-Streaming_Tommi_Hyytinen-e1488228919974.jpg\" data-rel=\"prettyPhoto[this_page]\" title=\"\"><img loading=\"lazy\" class=\"alignnone wp-image-999\" src=\"http:\/\/www.blosari.com\/blosari\/wp-content\/uploads\/2017\/02\/S\u00c4VELT\u00c4J\u00c4SIVU-Streaming_Tommi_Hyytinen-300x232.jpg\" alt=\"\" width=\"431\" height=\"333\" \/><\/a><\/p>\n","protected":false},"excerpt":{"rendered":"<p><strong>STREAMING<\/strong> \u00a0 for French Horn and Piano<br \/>\nComposer Tommi Hyytinen<\/p>\n<p><a target=\"_self\" class=\"button blue small\" href=\"http:\/\/www.blosari.com\/blosari\/wp-content\/uploads\/2017\/02\/Streaming-Sample.pdf\">Download sample<\/a><\/p>\n<p><a target=\"_self\" class=\"button red small\" href=\"http:\/\/www.blosari.com\/blosari\/wp-content\/uploads\/2017\/02\/Streaming-Demo.mp3\">Listen<\/a><\/p>\n<p>&nbsp;<a class=\"excerpt\" href=\"https:\/\/www.blosari.com\/blosari\/product\/streaming-pdf\/\">Read More<\/a><\/p>\n","protected":false},"featured_media":994,"comment_status":"closed","ping_status":"closed","template":"","meta":[],"_links":{"self":[{"href":"https:\/\/www.blosari.com\/blosari\/wp-json\/wp\/v2\/product\/996"}],"collection":[{"href":"https:\/\/www.blosari.com\/blosari\/wp-json\/wp\/v2\/product"}],"about":[{"href":"https:\/\/www.blosari.com\/blosari\/wp-json\/wp\/v2\/types\/product"}],"replies":[{"embeddable":true,"href":"https:\/\/www.blosari.com\/blosari\/wp-json\/wp\/v2\/comments?post=996"}],"wp:featuredmedia":[{"embeddable":true,"href":"https:\/\/www.blosari.com\/blosari\/wp-json\/wp\/v2\/media\/994"}],"wp:attachment":[{"href":"https:\/\/www.blosari.com\/blosari\/wp-json\/wp\/v2\/media?parent=996"}],"curies":[{"name":"wp","href":"https:\/\/api.w.org\/{rel}","templated":true}]}}