{"id":993,"date":"2017-02-27T17:49:02","date_gmt":"2017-02-27T15:49:02","guid":{"rendered":"http:\/\/www.blosari.com\/blosari\/?product=streaming"},"modified":"2019-06-11T17:33:51","modified_gmt":"2019-06-11T15:33:51","slug":"streaming","status":"publish","type":"product","link":"https:\/\/www.blosari.com\/blosari\/product\/streaming\/","title":{"rendered":"STREAMING"},"content":{"rendered":"<p><a href=\"http:\/\/www.blosari.com\/blosari\/wp-content\/uploads\/2017\/02\/S\u00c4VELT\u00c4J\u00c4SIVU-Streaming_Tommi_Hyytinen-e1488228919974.jpg\" data-rel=\"prettyPhoto[this_page]\" title=\"\"><img loading=\"lazy\" class=\"alignnone size-medium wp-image-999\" src=\"http:\/\/www.blosari.com\/blosari\/wp-content\/uploads\/2017\/02\/S\u00c4VELT\u00c4J\u00c4SIVU-Streaming_Tommi_Hyytinen-300x232.jpg\" alt=\"\" width=\"300\" height=\"232\" \/><\/a><\/p>\n","protected":false},"excerpt":{"rendered":"<p><strong>STREAMING<\/strong> \u00a0 for French Horn and Piano<br \/>\nComposer Tommi Hyytinen<\/p>\n<p><a target=\"_self\" class=\"button blue small\" href=\"http:\/\/www.blosari.com\/blosari\/wp-content\/uploads\/2017\/02\/Streaming-Sample.pdf\">Download sample<\/a><\/p>\n<p><a target=\"_self\" class=\"button red small\" href=\"http:\/\/www.blosari.com\/blosari\/wp-content\/uploads\/2017\/02\/Streaming-Demo.mp3\">Listen<\/a><\/p>\n<p>&nbsp;<a class=\"excerpt\" href=\"https:\/\/www.blosari.com\/blosari\/product\/streaming\/\">Read More<\/a><\/p>\n","protected":false},"featured_media":994,"comment_status":"closed","ping_status":"closed","template":"","meta":[],"_links":{"self":[{"href":"https:\/\/www.blosari.com\/blosari\/wp-json\/wp\/v2\/product\/993"}],"collection":[{"href":"https:\/\/www.blosari.com\/blosari\/wp-json\/wp\/v2\/product"}],"about":[{"href":"https:\/\/www.blosari.com\/blosari\/wp-json\/wp\/v2\/types\/product"}],"replies":[{"embeddable":true,"href":"https:\/\/www.blosari.com\/blosari\/wp-json\/wp\/v2\/comments?post=993"}],"wp:featuredmedia":[{"embeddable":true,"href":"https:\/\/www.blosari.com\/blosari\/wp-json\/wp\/v2\/media\/994"}],"wp:attachment":[{"href":"https:\/\/www.blosari.com\/blosari\/wp-json\/wp\/v2\/media?parent=993"}],"curies":[{"name":"wp","href":"https:\/\/api.w.org\/{rel}","templated":true}]}}