{"id":980,"date":"2017-02-22T23:28:44","date_gmt":"2017-02-22T21:28:44","guid":{"rendered":"http:\/\/www.blosari.com\/blosari\/?product=space-taxi-pdf"},"modified":"2019-06-11T17:32:09","modified_gmt":"2019-06-11T15:32:09","slug":"space-taxi-pdf","status":"publish","type":"product","link":"https:\/\/www.blosari.com\/blosari\/product\/space-taxi-pdf\/","title":{"rendered":"SPACE TAXI (PDF)"},"content":{"rendered":"<p><a href=\"http:\/\/www.blosari.com\/blosari\/wp-content\/uploads\/2017\/02\/S\u00c4VELT\u00c4J\u00c4SIVU-SPACE-TAXIvaaka.jpg\" data-rel=\"prettyPhoto[this_page]\" title=\"\"><img loading=\"lazy\" class=\"alignnone wp-image-1009\" src=\"http:\/\/www.blosari.com\/blosari\/wp-content\/uploads\/2017\/02\/S\u00c4VELT\u00c4J\u00c4SIVU-SPACE-TAXIvaaka-300x232.jpg\" alt=\"\" width=\"476\" height=\"368\" srcset=\"https:\/\/www.blosari.com\/blosari\/wp-content\/uploads\/2017\/02\/S\u00c4VELT\u00c4J\u00c4SIVU-SPACE-TAXIvaaka-300x232.jpg 300w, https:\/\/www.blosari.com\/blosari\/wp-content\/uploads\/2017\/02\/S\u00c4VELT\u00c4J\u00c4SIVU-SPACE-TAXIvaaka-400x309.jpg 400w, https:\/\/www.blosari.com\/blosari\/wp-content\/uploads\/2017\/02\/S\u00c4VELT\u00c4J\u00c4SIVU-SPACE-TAXIvaaka-768x593.jpg 768w, https:\/\/www.blosari.com\/blosari\/wp-content\/uploads\/2017\/02\/S\u00c4VELT\u00c4J\u00c4SIVU-SPACE-TAXIvaaka-1024x791.jpg 1024w, https:\/\/www.blosari.com\/blosari\/wp-content\/uploads\/2017\/02\/S\u00c4VELT\u00c4J\u00c4SIVU-SPACE-TAXIvaaka-940x726.jpg 940w\" sizes=\"(max-width: 476px) 100vw, 476px\" \/><\/a><\/p>\n","protected":false},"excerpt":{"rendered":"<p><strong>SPACE TAXI<\/strong>\u00a0\u00a0 for French Horn and Piano<br \/>\nComposer Tero Toivonen<br \/>\nArranger Aulis P\u00f6yh\u00f6nen<\/p>\n<p><a target=\"_self\" class=\"button blue small\" href=\"http:\/\/www.blosari.com\/blosari\/wp-content\/uploads\/2017\/02\/Toivonen-Space-Taxi-Horn-SAMPLE.pdf\">Download sample<\/a><\/p>\n<p><a target=\"_self\" class=\"button red small\" href=\"http:\/\/www.blosari.com\/blosari\/wp-content\/uploads\/2017\/02\/Space-Taxi.mp3\">Listen<\/a><\/p>\n<p>&nbsp;<a class=\"excerpt\" href=\"https:\/\/www.blosari.com\/blosari\/product\/space-taxi-pdf\/\">Read More<\/a><\/p>\n","protected":false},"featured_media":977,"comment_status":"closed","ping_status":"closed","template":"","meta":[],"_links":{"self":[{"href":"https:\/\/www.blosari.com\/blosari\/wp-json\/wp\/v2\/product\/980"}],"collection":[{"href":"https:\/\/www.blosari.com\/blosari\/wp-json\/wp\/v2\/product"}],"about":[{"href":"https:\/\/www.blosari.com\/blosari\/wp-json\/wp\/v2\/types\/product"}],"replies":[{"embeddable":true,"href":"https:\/\/www.blosari.com\/blosari\/wp-json\/wp\/v2\/comments?post=980"}],"wp:featuredmedia":[{"embeddable":true,"href":"https:\/\/www.blosari.com\/blosari\/wp-json\/wp\/v2\/media\/977"}],"wp:attachment":[{"href":"https:\/\/www.blosari.com\/blosari\/wp-json\/wp\/v2\/media?parent=980"}],"curies":[{"name":"wp","href":"https:\/\/api.w.org\/{rel}","templated":true}]}}