{"id":967,"date":"2017-01-22T15:34:57","date_gmt":"2017-01-22T13:34:57","guid":{"rendered":"http:\/\/www.blosari.com\/blosari\/?product=hamahakkifantasia-pdf"},"modified":"2017-01-22T15:42:24","modified_gmt":"2017-01-22T13:42:24","slug":"hamahakkifantasia-pdf","status":"publish","type":"product","link":"https:\/\/www.blosari.com\/blosari\/product\/hamahakkifantasia-pdf\/","title":{"rendered":"H\u00e4m\u00e4h\u00e4kkifantasia (PDF)"},"content":{"rendered":"","protected":false},"excerpt":{"rendered":"<p>H\u00e4m\u00e4h\u00e4kkifantasia\u00a0 Grade: 1,5 \u00a0 Total time: 2&#8217;03&#8221;<\/p>\n<p>Composer: Janne Laine<\/p>\n<p>&nbsp;<\/p>\n<p><a target=\"_self\" class=\"button blue small\" href=\"http:\/\/www.blosari.com\/blosari\/wp-content\/uploads\/2015\/04\/H\u00e4m\u00e4h\u00e4kki-Score-Blosari-SAMPLE.pdf\">Download sample<\/a><\/p>\n<p>&nbsp;<a class=\"excerpt\" href=\"https:\/\/www.blosari.com\/blosari\/product\/hamahakkifantasia-pdf\/\">Read More<\/a><\/p>\n","protected":false},"featured_media":965,"comment_status":"closed","ping_status":"closed","template":"","meta":[],"_links":{"self":[{"href":"https:\/\/www.blosari.com\/blosari\/wp-json\/wp\/v2\/product\/967"}],"collection":[{"href":"https:\/\/www.blosari.com\/blosari\/wp-json\/wp\/v2\/product"}],"about":[{"href":"https:\/\/www.blosari.com\/blosari\/wp-json\/wp\/v2\/types\/product"}],"replies":[{"embeddable":true,"href":"https:\/\/www.blosari.com\/blosari\/wp-json\/wp\/v2\/comments?post=967"}],"wp:featuredmedia":[{"embeddable":true,"href":"https:\/\/www.blosari.com\/blosari\/wp-json\/wp\/v2\/media\/965"}],"wp:attachment":[{"href":"https:\/\/www.blosari.com\/blosari\/wp-json\/wp\/v2\/media?parent=967"}],"curies":[{"name":"wp","href":"https:\/\/api.w.org\/{rel}","templated":true}]}}