{"id":910,"date":"2016-06-11T19:54:12","date_gmt":"2016-06-11T17:54:12","guid":{"rendered":"http:\/\/www.blosari.com\/blosari\/?post_type=product&#038;p=910"},"modified":"2025-02-01T22:07:13","modified_gmt":"2025-02-01T20:07:13","slug":"soiton-ydin","status":"publish","type":"product","link":"https:\/\/www.blosari.com\/blosari\/product\/soiton-ydin\/","title":{"rendered":"Soiton ydin"},"content":{"rendered":"<p><i>Soiton ydin<\/i> on kirja, joka ohjaa muusikkoa hy\u00f6dynt\u00e4m\u00e4\u00e4n kehonsa voimavarat\u00a0 tehokkaasti. Kirjan selke\u00e4t ajatukset opettavat itsens\u00e4 tiedostamiseen, l\u00e4sn\u00e4oloon soittosuorituksen aikana. Soittaminen kehon keskuksesta -menetelm\u00e4\u00a0painottaa kehon ja mielen yhteytt\u00e4.\u00a0Menetelm\u00e4n harjoituksissa k\u00e4\u00e4nnet\u00e4\u00e4n stressi ja j\u00e4nnitt\u00e4minen voimavaraksi.<\/p>\n","protected":false},"excerpt":{"rendered":"<p><b>Soiton ydin &#8211; soittaminen kehon keskuksesta<\/b><\/p>\n<p><b> Musiikin tohtori Tommi Hyytisen uudenlainen metodi k\u00e4yr\u00e4torvensoiton harjoitteluun.\u00a0<\/b><\/p>\n<p><em>(Kirjan hinta 38\u20ac + postitus 6\u20ac)<\/em><a class=\"excerpt\" href=\"https:\/\/www.blosari.com\/blosari\/product\/soiton-ydin\/\">Read More<\/a><\/p>\n","protected":false},"featured_media":909,"comment_status":"closed","ping_status":"closed","template":"","meta":[],"product_brand":[],"product_cat":[20],"product_tag":[],"class_list":{"0":"post-910","1":"product","2":"type-product","3":"status-publish","4":"has-post-thumbnail","6":"product_cat-books","8":"first","9":"instock","10":"shipping-taxable","11":"purchasable","12":"product-type-simple"},"_links":{"self":[{"href":"https:\/\/www.blosari.com\/blosari\/wp-json\/wp\/v2\/product\/910","targetHints":{"allow":["GET"]}}],"collection":[{"href":"https:\/\/www.blosari.com\/blosari\/wp-json\/wp\/v2\/product"}],"about":[{"href":"https:\/\/www.blosari.com\/blosari\/wp-json\/wp\/v2\/types\/product"}],"replies":[{"embeddable":true,"href":"https:\/\/www.blosari.com\/blosari\/wp-json\/wp\/v2\/comments?post=910"}],"wp:featuredmedia":[{"embeddable":true,"href":"https:\/\/www.blosari.com\/blosari\/wp-json\/wp\/v2\/media\/909"}],"wp:attachment":[{"href":"https:\/\/www.blosari.com\/blosari\/wp-json\/wp\/v2\/media?parent=910"}],"wp:term":[{"taxonomy":"product_brand","embeddable":true,"href":"https:\/\/www.blosari.com\/blosari\/wp-json\/wp\/v2\/product_brand?post=910"},{"taxonomy":"product_cat","embeddable":true,"href":"https:\/\/www.blosari.com\/blosari\/wp-json\/wp\/v2\/product_cat?post=910"},{"taxonomy":"product_tag","embeddable":true,"href":"https:\/\/www.blosari.com\/blosari\/wp-json\/wp\/v2\/product_tag?post=910"}],"curies":[{"name":"wp","href":"https:\/\/api.w.org\/{rel}","templated":true}]}}