{"id":888,"date":"2016-02-20T21:24:45","date_gmt":"2016-02-20T19:24:45","guid":{"rendered":"http:\/\/www.blosari.com\/blosari\/?post_type=product&#038;p=888"},"modified":"2016-02-20T21:25:53","modified_gmt":"2016-02-20T19:25:53","slug":"kosketus-touch","status":"publish","type":"product","link":"https:\/\/www.blosari.com\/blosari\/product\/kosketus-touch\/","title":{"rendered":"Kosketus &#8211; Touch"},"content":{"rendered":"<p><strong>Kosketus &#8211; Touch<\/strong><\/p>\n<p>Nappiosuma kirkkokonserttiin tai muuhun avaruudelliseen akustiikkaan. Kaunis, yksinkertainen teema kiert\u00e4\u00e4 tilassa. Seuraa hieman kuohua, hyvin hillitty allegro ja takaisin teemaan joka h\u00e4ipyy aikaan ja tilaan.<\/p>\n","protected":false},"excerpt":{"rendered":"<p><strong>Kosketus &#8211; Touch\u00a0<\/strong>\u00a0 Grade:4<br \/>\nComposer: Esko Heikkinen<a class=\"excerpt\" href=\"https:\/\/www.blosari.com\/blosari\/product\/kosketus-touch\/\">Read More<\/a><\/p>\n","protected":false},"featured_media":627,"comment_status":"closed","ping_status":"closed","template":"","meta":[],"_links":{"self":[{"href":"https:\/\/www.blosari.com\/blosari\/wp-json\/wp\/v2\/product\/888"}],"collection":[{"href":"https:\/\/www.blosari.com\/blosari\/wp-json\/wp\/v2\/product"}],"about":[{"href":"https:\/\/www.blosari.com\/blosari\/wp-json\/wp\/v2\/types\/product"}],"replies":[{"embeddable":true,"href":"https:\/\/www.blosari.com\/blosari\/wp-json\/wp\/v2\/comments?post=888"}],"wp:featuredmedia":[{"embeddable":true,"href":"https:\/\/www.blosari.com\/blosari\/wp-json\/wp\/v2\/media\/627"}],"wp:attachment":[{"href":"https:\/\/www.blosari.com\/blosari\/wp-json\/wp\/v2\/media?parent=888"}],"curies":[{"name":"wp","href":"https:\/\/api.w.org\/{rel}","templated":true}]}}