{"id":875,"date":"2016-02-20T20:18:01","date_gmt":"2016-02-20T18:18:01","guid":{"rendered":"http:\/\/www.blosari.com\/blosari\/?post_type=product&#038;p=875"},"modified":"2016-02-20T20:18:01","modified_gmt":"2016-02-20T18:18:01","slug":"move","status":"publish","type":"product","link":"https:\/\/www.blosari.com\/blosari\/product\/move\/","title":{"rendered":"Move!"},"content":{"rendered":"<p>Rokkaava soul-biisi groovylle puhallinorkesterille. Toimii tarvittaessa v\u00e4h\u00e4n pienemm\u00e4ll\u00e4kin soittajistolla.<\/p>\n","protected":false},"excerpt":{"rendered":"<p><strong>Move!\u00a0<\/strong>\u00a0\u00a0 Grade : 3<br \/>\nComposer: Janne Ikonen<a class=\"excerpt\" href=\"https:\/\/www.blosari.com\/blosari\/product\/move\/\">Read More<\/a><\/p>\n","protected":false},"featured_media":627,"comment_status":"closed","ping_status":"closed","template":"","meta":[],"_links":{"self":[{"href":"https:\/\/www.blosari.com\/blosari\/wp-json\/wp\/v2\/product\/875"}],"collection":[{"href":"https:\/\/www.blosari.com\/blosari\/wp-json\/wp\/v2\/product"}],"about":[{"href":"https:\/\/www.blosari.com\/blosari\/wp-json\/wp\/v2\/types\/product"}],"replies":[{"embeddable":true,"href":"https:\/\/www.blosari.com\/blosari\/wp-json\/wp\/v2\/comments?post=875"}],"wp:featuredmedia":[{"embeddable":true,"href":"https:\/\/www.blosari.com\/blosari\/wp-json\/wp\/v2\/media\/627"}],"wp:attachment":[{"href":"https:\/\/www.blosari.com\/blosari\/wp-json\/wp\/v2\/media?parent=875"}],"curies":[{"name":"wp","href":"https:\/\/api.w.org\/{rel}","templated":true}]}}