{"id":867,"date":"2016-02-20T19:43:19","date_gmt":"2016-02-20T17:43:19","guid":{"rendered":"http:\/\/www.blosari.com\/blosari\/?post_type=product&#038;p=867"},"modified":"2016-02-20T20:12:17","modified_gmt":"2016-02-20T18:12:17","slug":"hyvaillen","status":"publish","type":"product","link":"https:\/\/www.blosari.com\/blosari\/product\/hyvaillen\/","title":{"rendered":"Hyv\u00e4illen"},"content":{"rendered":"<p>Vuonna 1986 Antti Sarpila osallistui MTV:n Kev\u00e4\u00e4n s\u00e4vel -kilpailuun edellissyksyn\u00e4 nauhoitetulla s\u00e4vellyksell\u00e4\u00e4n Hyv\u00e4illen. Kisan ainoa instrumentaalinumero sijoittui mittel\u00f6ss\u00e4 kolmen parhaan joukkoon.<br \/>\nTunnelmallinen klarinettisoolokappale.<\/p>\n","protected":false},"excerpt":{"rendered":"<p><strong>Hyv\u00e4illen<\/strong>\u00a0\u00a0 Grade:3<br \/>\nComposer: Antti Sarpila<a class=\"excerpt\" href=\"https:\/\/www.blosari.com\/blosari\/product\/hyvaillen\/\">Read More<\/a><\/p>\n","protected":false},"featured_media":627,"comment_status":"closed","ping_status":"closed","template":"","meta":[],"_links":{"self":[{"href":"https:\/\/www.blosari.com\/blosari\/wp-json\/wp\/v2\/product\/867"}],"collection":[{"href":"https:\/\/www.blosari.com\/blosari\/wp-json\/wp\/v2\/product"}],"about":[{"href":"https:\/\/www.blosari.com\/blosari\/wp-json\/wp\/v2\/types\/product"}],"replies":[{"embeddable":true,"href":"https:\/\/www.blosari.com\/blosari\/wp-json\/wp\/v2\/comments?post=867"}],"wp:featuredmedia":[{"embeddable":true,"href":"https:\/\/www.blosari.com\/blosari\/wp-json\/wp\/v2\/media\/627"}],"wp:attachment":[{"href":"https:\/\/www.blosari.com\/blosari\/wp-json\/wp\/v2\/media?parent=867"}],"curies":[{"name":"wp","href":"https:\/\/api.w.org\/{rel}","templated":true}]}}