{"id":861,"date":"2016-02-20T19:01:16","date_gmt":"2016-02-20T17:01:16","guid":{"rendered":"http:\/\/www.blosari.com\/blosari\/?post_type=product&#038;p=861"},"modified":"2018-01-13T21:23:29","modified_gmt":"2018-01-13T19:23:29","slug":"meidan-jengi","status":"publish","type":"product","link":"https:\/\/www.blosari.com\/blosari\/product\/meidan-jengi\/","title":{"rendered":"Meid\u00e4n jengi"},"content":{"rendered":"<p>MEID\u00c4N JENGI<\/p>\n<p>&#8211; V\u00e4rileikki; Kenell\u00e4 on p\u00e4\u00e4ll\u00e4 jotain sinist\u00e4&#8230;Huvituttiohjelman tunnari. Nuorta soittajaa kehitt\u00e4v\u00e4 hieno orkestraatio. Grade: 1,1<br \/>\n&#8211; Meid\u00e4n Jengi; 6\/8 rytmiikka tulee mukaan helpoimmassa muodossaan. Mieleen j\u00e4\u00e4v\u00e4 menobiisi. Grade: 1,2.<br \/>\n&#8211; Sambalele; Brasilialainen, ymp\u00e4ri maailmaa tunnettu lasten samba, joka syvent\u00e4\u00e4 6\/8 ajattelua. Grade: 1,3.<br \/>\n&#8211; Oravanpes\u00e4; P.J Hannikaisen rakastettu lasten laulu. Grade: 1,4.<\/p>\n","protected":false},"excerpt":{"rendered":"<p><strong>Meid\u00e4n jengi\u00a0<\/strong>\u00a0 Grade: 1-2.<br \/>\nSov. Timo Katila<br \/>\nSamassa paketissa nelj\u00e4 pikkukappaletta<\/p>\n<p>*Meid\u00e4n jengi<br \/>\n*Oravan pes\u00e4<br \/>\n*V\u00e4rileikki<br \/>\n*Sambalele<a class=\"excerpt\" href=\"https:\/\/www.blosari.com\/blosari\/product\/meidan-jengi\/\">Read More<\/a><\/p>\n","protected":false},"featured_media":626,"comment_status":"closed","ping_status":"closed","template":"","meta":[],"_links":{"self":[{"href":"https:\/\/www.blosari.com\/blosari\/wp-json\/wp\/v2\/product\/861"}],"collection":[{"href":"https:\/\/www.blosari.com\/blosari\/wp-json\/wp\/v2\/product"}],"about":[{"href":"https:\/\/www.blosari.com\/blosari\/wp-json\/wp\/v2\/types\/product"}],"replies":[{"embeddable":true,"href":"https:\/\/www.blosari.com\/blosari\/wp-json\/wp\/v2\/comments?post=861"}],"wp:featuredmedia":[{"embeddable":true,"href":"https:\/\/www.blosari.com\/blosari\/wp-json\/wp\/v2\/media\/626"}],"wp:attachment":[{"href":"https:\/\/www.blosari.com\/blosari\/wp-json\/wp\/v2\/media?parent=861"}],"curies":[{"name":"wp","href":"https:\/\/api.w.org\/{rel}","templated":true}]}}