{"id":855,"date":"2016-02-19T22:54:39","date_gmt":"2016-02-19T20:54:39","guid":{"rendered":"http:\/\/www.blosari.com\/blosari\/?post_type=product&#038;p=855"},"modified":"2017-04-13T20:50:42","modified_gmt":"2017-04-13T18:50:42","slug":"juhlasoitto-sotaveteraaneille","status":"publish","type":"product","link":"https:\/\/www.blosari.com\/blosari\/product\/juhlasoitto-sotaveteraaneille\/","title":{"rendered":"Juhlasoitto sotaveteraaneille"},"content":{"rendered":"<p>Suomen Sotaveteraaniliiton tilausteos vuodelta 2009.<br \/>\nAlkusoitto kaikkiin juhlaviin tilaisuuksiin. Sis\u00e4lt\u00e4\u00e4 mm. Valalaulun tematiikkaa.<\/p>\n","protected":false},"excerpt":{"rendered":"<p><strong>Juhlasoitto sotaveteraaneille<\/strong>\u00a0\u00a0 Grade: 3,5\u00a0\u00a0 Total time: 2&#8217;30&#8221;<\/p>\n<p>Composer: Timo Forsstr\u00f6m<\/p>\n<p><a target=\"_self\" class=\"button red small\" href=\"http:\/\/www.blosari.com\/blosari\/wp-content\/uploads\/2017\/04\/Juhlasoitto-Sotaveteraaneille.mp3\">Listen<\/a><a class=\"excerpt\" href=\"https:\/\/www.blosari.com\/blosari\/product\/juhlasoitto-sotaveteraaneille\/\">Read More<\/a><\/p>\n","protected":false},"featured_media":857,"comment_status":"closed","ping_status":"closed","template":"","meta":[],"_links":{"self":[{"href":"https:\/\/www.blosari.com\/blosari\/wp-json\/wp\/v2\/product\/855"}],"collection":[{"href":"https:\/\/www.blosari.com\/blosari\/wp-json\/wp\/v2\/product"}],"about":[{"href":"https:\/\/www.blosari.com\/blosari\/wp-json\/wp\/v2\/types\/product"}],"replies":[{"embeddable":true,"href":"https:\/\/www.blosari.com\/blosari\/wp-json\/wp\/v2\/comments?post=855"}],"wp:featuredmedia":[{"embeddable":true,"href":"https:\/\/www.blosari.com\/blosari\/wp-json\/wp\/v2\/media\/857"}],"wp:attachment":[{"href":"https:\/\/www.blosari.com\/blosari\/wp-json\/wp\/v2\/media?parent=855"}],"curies":[{"name":"wp","href":"https:\/\/api.w.org\/{rel}","templated":true}]}}