{"id":846,"date":"2016-02-05T19:05:52","date_gmt":"2016-02-05T17:05:52","guid":{"rendered":"http:\/\/www.blosari.com\/blosari\/?post_type=product&#038;p=846"},"modified":"2016-02-05T19:17:28","modified_gmt":"2016-02-05T17:17:28","slug":"haamarssi-wedding-march-2","status":"publish","type":"product","link":"https:\/\/www.blosari.com\/blosari\/product\/haamarssi-wedding-march-2\/","title":{"rendered":"H\u00e4\u00e4marssi-Wedding March"},"content":{"rendered":"","protected":false},"excerpt":{"rendered":"<p>H\u00e4\u00e4marssi-Wedding March<br \/>\nComposer:Toivo Kuula<br \/>\nArranger: Jyrki Koskinen<br \/>\n<a target=\"_self\" class=\"button blue small\" href=\"http:\/\/www.blosari.com\/blosari\/wp-content\/uploads\/2016\/02\/H\u00e4\u00e4marssi-Kuula.pdf\">Download sample<\/a><\/p>\n<p><a class=\"excerpt\" href=\"https:\/\/www.blosari.com\/blosari\/product\/haamarssi-wedding-march-2\/\">Read More<\/a><\/p>\n","protected":false},"featured_media":842,"comment_status":"closed","ping_status":"closed","template":"","meta":[],"_links":{"self":[{"href":"https:\/\/www.blosari.com\/blosari\/wp-json\/wp\/v2\/product\/846"}],"collection":[{"href":"https:\/\/www.blosari.com\/blosari\/wp-json\/wp\/v2\/product"}],"about":[{"href":"https:\/\/www.blosari.com\/blosari\/wp-json\/wp\/v2\/types\/product"}],"replies":[{"embeddable":true,"href":"https:\/\/www.blosari.com\/blosari\/wp-json\/wp\/v2\/comments?post=846"}],"wp:featuredmedia":[{"embeddable":true,"href":"https:\/\/www.blosari.com\/blosari\/wp-json\/wp\/v2\/media\/842"}],"wp:attachment":[{"href":"https:\/\/www.blosari.com\/blosari\/wp-json\/wp\/v2\/media?parent=846"}],"curies":[{"name":"wp","href":"https:\/\/api.w.org\/{rel}","templated":true}]}}