{"id":845,"date":"2016-02-05T19:03:56","date_gmt":"2016-02-05T17:03:56","guid":{"rendered":"http:\/\/www.blosari.com\/blosari\/?post_type=product&#038;p=845"},"modified":"2016-02-05T19:21:26","modified_gmt":"2016-02-05T17:21:26","slug":"haamarssi-wedding-march","status":"publish","type":"product","link":"https:\/\/www.blosari.com\/blosari\/product\/haamarssi-wedding-march\/","title":{"rendered":"H\u00e4\u00e4marssi-Wedding March"},"content":{"rendered":"","protected":false},"excerpt":{"rendered":"<p>H\u00e4\u00e4marssi-Wedding March<br \/>\nComposer: Felix Mendellsohn Bartholdy<br \/>\nArranger: Jyrki Koskinen<br \/>\n<a target=\"_self\" class=\"button blue small\" href=\"http:\/\/www.blosari.com\/blosari\/wp-content\/uploads\/2016\/02\/H\u00e4\u00e4marssi-Mendellson.pdf\">Download sample<\/a><\/p>\n<p><a class=\"excerpt\" href=\"https:\/\/www.blosari.com\/blosari\/product\/haamarssi-wedding-march\/\">Read More<\/a><\/p>\n","protected":false},"featured_media":844,"comment_status":"closed","ping_status":"closed","template":"","meta":[],"_links":{"self":[{"href":"https:\/\/www.blosari.com\/blosari\/wp-json\/wp\/v2\/product\/845"}],"collection":[{"href":"https:\/\/www.blosari.com\/blosari\/wp-json\/wp\/v2\/product"}],"about":[{"href":"https:\/\/www.blosari.com\/blosari\/wp-json\/wp\/v2\/types\/product"}],"replies":[{"embeddable":true,"href":"https:\/\/www.blosari.com\/blosari\/wp-json\/wp\/v2\/comments?post=845"}],"wp:featuredmedia":[{"embeddable":true,"href":"https:\/\/www.blosari.com\/blosari\/wp-json\/wp\/v2\/media\/844"}],"wp:attachment":[{"href":"https:\/\/www.blosari.com\/blosari\/wp-json\/wp\/v2\/media?parent=845"}],"curies":[{"name":"wp","href":"https:\/\/api.w.org\/{rel}","templated":true}]}}