{"id":838,"date":"2016-02-05T15:29:37","date_gmt":"2016-02-05T13:29:37","guid":{"rendered":"http:\/\/www.blosari.com\/blosari\/?post_type=product&#038;p=838"},"modified":"2016-02-05T19:20:06","modified_gmt":"2016-02-05T17:20:06","slug":"juhlamarssi-2","status":"publish","type":"product","link":"https:\/\/www.blosari.com\/blosari\/product\/juhlamarssi-2\/","title":{"rendered":"Juhlamarssi"},"content":{"rendered":"","protected":false},"excerpt":{"rendered":"<p>Juhlamarssi  satun\u00e4ytelm\u00e4st\u00e4 Prinsessa Ruusunen<\/p>\n<p>Composer: Erkki Melartin<br \/>\nArranger: Jyrki Koskinen<br \/>\n<a target=\"_self\" class=\"button blue small\" href=\"http:\/\/www.blosari.com\/blosari\/wp-content\/uploads\/2016\/02\/Juhlamarssi-Melartin-Ruusunen.pdf\">Download sample<\/a><\/p>\n<p><a class=\"excerpt\" href=\"https:\/\/www.blosari.com\/blosari\/product\/juhlamarssi-2\/\">Read More<\/a><\/p>\n","protected":false},"featured_media":843,"comment_status":"closed","ping_status":"closed","template":"","meta":[],"_links":{"self":[{"href":"https:\/\/www.blosari.com\/blosari\/wp-json\/wp\/v2\/product\/838"}],"collection":[{"href":"https:\/\/www.blosari.com\/blosari\/wp-json\/wp\/v2\/product"}],"about":[{"href":"https:\/\/www.blosari.com\/blosari\/wp-json\/wp\/v2\/types\/product"}],"replies":[{"embeddable":true,"href":"https:\/\/www.blosari.com\/blosari\/wp-json\/wp\/v2\/comments?post=838"}],"wp:featuredmedia":[{"embeddable":true,"href":"https:\/\/www.blosari.com\/blosari\/wp-json\/wp\/v2\/media\/843"}],"wp:attachment":[{"href":"https:\/\/www.blosari.com\/blosari\/wp-json\/wp\/v2\/media?parent=838"}],"curies":[{"name":"wp","href":"https:\/\/api.w.org\/{rel}","templated":true}]}}