{"id":756,"date":"2015-12-28T23:59:25","date_gmt":"2015-12-28T21:59:25","guid":{"rendered":"http:\/\/www.blosari.com\/blosari\/?post_type=product&#038;p=756"},"modified":"2016-01-20T21:07:51","modified_gmt":"2016-01-20T19:07:51","slug":"vanhojen-tanssit-ii-2","status":"publish","type":"product","link":"https:\/\/www.blosari.com\/blosari\/product\/vanhojen-tanssit-ii-2\/","title":{"rendered":"VANHOJEN TANSSIT I"},"content":{"rendered":"<div>Vanhojen tanssit, tuo suomalaisten juhlava traditio saa nyt uuden ulottuvuuden.<\/div>\n<div>Vanhojen tansseissa voidaan yhdist\u00e4\u00e4 soittoa harrastavien oppilaiden osaaminen osaksi yhteist\u00e4 el\u00e4myst\u00e4.<\/div>\n<div><\/div>\n<div>Poliisisoittokunnan levytt\u00e4m\u00e4t Arthur Fuhrmannin kuuluisat orkestraatiot vanhojen tansseista ovat kaikkien saatavilla helppolukuisina nuotteina.<\/div>\n<div><\/div>\n<div>\n<div>Arthur Fuhrmannin puhallinsovitustensa sis\u00e4\u00e4n rakentama hyv\u00e4 minimikokoonpano on 12 soittajaa (ilman pianoa).<\/div>\n<div>Huilu \/ B-klarinetti 1-3 \/ B-kornetti (voi soittaa trumpeteilla) 1-2 \/ K\u00e4yr\u00e4torvi 1-2 \/ Pasuuna \/ Baritoni \/ Tuuba \/ Rummut.<\/div>\n<div><\/div>\n<div>Puhallinorkesteripartituurin t\u00e4ysi kokoonpano:<\/div>\n<div>Huilu 1-2 \/ Oboe 1-2 \/ Eb-klarinetti, Bb-klarinetti 1-3, Fagotti, Bassoklarinetti, Alttosaksofoni, Tenorisaksofoni, Baritonisaksofoni, Kornetti1-2, Trumpetti 1-3, K\u00e4yr\u00e4torvi 1-4, Tenoritorvi 1-2, Pasuuna 1-4, Baritonitorvi, Tuuba 1-2, Rummut + extrana piano.<\/div>\n<div><\/div>\n<div>Sinfoniaorkesteriversio:<\/div>\n<div>Tasapainoisin sinfoniaorkesteriversio syntyy samasta nuottipaketista soittamalla kaikki jousistemmat ja j\u00e4tt\u00e4m\u00e4ll\u00e4 soittamatta saksofonit, kornetit ja tenori- sek\u00e4 baritonitorvet.<\/div>\n<div><\/div>\n<\/div>\n","protected":false},"excerpt":{"rendered":"<p><strong>VANHOJEN TANSSIT I<\/strong> &#8211; paketti<br \/>\n<strong>Poloneesi &#8211; J\u00e4\u00e4hyv\u00e4iset is\u00e4nmaalle<\/strong> s\u00e4v. Michael Kleofas Oginski sov. Arthur Fuhrmann<br \/>\n<strong>Cicapo &#8211; Picadormarssi<\/strong> s\u00e4v. Max Oscheit sov. Arthur Fuhrmann<br \/>\n<strong>Pas d&#8217;espagne<\/strong> s\u00e4v. A. Zarman sov. Arthur Fuhrmann<br \/>\n<strong>Mignon<\/strong> s\u00e4v. Oscar Morley sov. Arthur Fuhrmann<br \/>\n<strong>Kehruuvalssi<\/strong> s\u00e4v. Trad sov. Arthur Fuhrmann<br \/>\n<strong>Pompadour<\/strong> s\u00e4v. Trad sov. Arthur Fuhrmann<\/p>\n<div><em><span style=\"color: #339966;\"><span class=\"themecolor\">Partituurin ja puhallinstemmavihkojen lis\u00e4ksi paketissa tulee Arthur Fuhrmannin suunnittelemat jousistemmat = I viulu, II viulu, alttoviulu, sello ja kontrabasso sek\u00e4 avustava pianostemma. Jousistemmat sopivat suoraan puhallinsovitukseen. Avustavan pianostemman k\u00e4ytt\u00f6 mahdollistaa t\u00e4ysipainoisen esityksen jo muutamalla soittajalla.<\/span><\/span><\/em><\/div>\n<div>\n<p><strong><em><span class=\"Apple-style-span\">T\u00e4m\u00e4n nuottimateriaalin saa vain postitse ( ei ladattavissa)<\/span><\/em><\/strong><\/p>\n<p><a target=\"_self\" class=\"button blue small\" href=\"http:\/\/www.blosari.com\/blosari\/wp-content\/uploads\/2015\/12\/vanhojen-tanssit-1-sample.pdf\">Download sample<\/a><\/p>\n<\/div>\n<div><\/div>\n<p><a class=\"excerpt\" href=\"https:\/\/www.blosari.com\/blosari\/product\/vanhojen-tanssit-ii-2\/\">Read More<\/a><\/p>\n","protected":false},"featured_media":750,"comment_status":"closed","ping_status":"closed","template":"","meta":[],"_links":{"self":[{"href":"https:\/\/www.blosari.com\/blosari\/wp-json\/wp\/v2\/product\/756"}],"collection":[{"href":"https:\/\/www.blosari.com\/blosari\/wp-json\/wp\/v2\/product"}],"about":[{"href":"https:\/\/www.blosari.com\/blosari\/wp-json\/wp\/v2\/types\/product"}],"replies":[{"embeddable":true,"href":"https:\/\/www.blosari.com\/blosari\/wp-json\/wp\/v2\/comments?post=756"}],"wp:featuredmedia":[{"embeddable":true,"href":"https:\/\/www.blosari.com\/blosari\/wp-json\/wp\/v2\/media\/750"}],"wp:attachment":[{"href":"https:\/\/www.blosari.com\/blosari\/wp-json\/wp\/v2\/media?parent=756"}],"curies":[{"name":"wp","href":"https:\/\/api.w.org\/{rel}","templated":true}]}}