{"id":589,"date":"2015-04-06T18:21:55","date_gmt":"2015-04-06T16:21:55","guid":{"rendered":"http:\/\/www.blosari.com\/blosari\/?post_type=product&#038;p=589"},"modified":"2015-04-09T20:45:12","modified_gmt":"2015-04-09T18:45:12","slug":"turkilainen-marssi","status":"publish","type":"product","link":"https:\/\/www.blosari.com\/blosari\/product\/turkilainen-marssi\/","title":{"rendered":"Marche pour la c\u00e9r\u00e9monie des Turcs &#8211; Turkkilainen marssi"},"content":{"rendered":"<p>Musiikkia elokuvasta: Kaikki el\u00e4m\u00e4n aamut (Tous les matins du monde, Ranska 1991)<\/p>\n","protected":false},"excerpt":{"rendered":"<p>Marche pour la c\u00e9r\u00e9monie des Turcs &#8211; Turkkilainen marssi\u00a0 Grade: 3,5 Total time: 2&#8217;48&#8221;<\/p>\n<p>Composer: Jean-Baptiste Lully\u00a0 (1632-1687)<\/p>\n<p>Arranger: Hannu Raijas<\/p>\n<p><a target=\"_self\" class=\"button blue small\" href=\"http:\/\/www.blosari.com\/blosari\/wp-content\/uploads\/2015\/04\/TURKKILAINEN-MARSSI-Score-Sample.pdf\">Download sample<\/a><\/p>\n<p><a target=\"_self\" class=\"button red small\" href=\"http:\/\/www.blosari.com\/blosari\/wp-content\/uploads\/2015\/04\/turkkilainen-marssi.mp3\">Listen<\/a><a class=\"excerpt\" href=\"https:\/\/www.blosari.com\/blosari\/product\/turkilainen-marssi\/\">Read More<\/a><\/p>\n","protected":false},"featured_media":622,"comment_status":"closed","ping_status":"closed","template":"","meta":[],"_links":{"self":[{"href":"https:\/\/www.blosari.com\/blosari\/wp-json\/wp\/v2\/product\/589"}],"collection":[{"href":"https:\/\/www.blosari.com\/blosari\/wp-json\/wp\/v2\/product"}],"about":[{"href":"https:\/\/www.blosari.com\/blosari\/wp-json\/wp\/v2\/types\/product"}],"replies":[{"embeddable":true,"href":"https:\/\/www.blosari.com\/blosari\/wp-json\/wp\/v2\/comments?post=589"}],"wp:featuredmedia":[{"embeddable":true,"href":"https:\/\/www.blosari.com\/blosari\/wp-json\/wp\/v2\/media\/622"}],"wp:attachment":[{"href":"https:\/\/www.blosari.com\/blosari\/wp-json\/wp\/v2\/media?parent=589"}],"curies":[{"name":"wp","href":"https:\/\/api.w.org\/{rel}","templated":true}]}}