{"id":562,"date":"2015-04-06T00:07:29","date_gmt":"2015-04-05T22:07:29","guid":{"rendered":"http:\/\/www.blosari.com\/blosari\/?product=a-little-insect-suite-pdf"},"modified":"2016-02-20T18:49:11","modified_gmt":"2016-02-20T16:49:11","slug":"a-little-insect-suite-pdf","status":"publish","type":"product","link":"https:\/\/www.blosari.com\/blosari\/product\/a-little-insect-suite-pdf\/","title":{"rendered":"A Little Insect Suite (PDF)"},"content":{"rendered":"<p>Mielikuvituksellista t\u00e4m\u00e4n p\u00e4iv\u00e4n konserttimusiikkia t\u00e4ydelle puhallinorkesterille.<\/p>\n<p>A LITTLE INSECT SUITE<br \/>\nI Dance of The Ichneumonoidea<br \/>\nII Swallowtail<br \/>\nIII Summer of the Timberman<\/p>\n","protected":false},"excerpt":{"rendered":"<p>A Little Insect Suite\u00a0\u00a0 Grade:4\u00a0\u00a0\u00a0\u00a0\u00a0\u00a0 Total time:<\/p>\n<p>Composer: Esko Heikkinen<\/p>\n<p><a target=\"_self\" class=\"button blue small\" href=\"http:\/\/www.blosari.com\/blosari\/wp-content\/uploads\/2015\/01\/A-little-insect-suite-Sample.pdf\">Download sample<\/a><a class=\"excerpt\" href=\"https:\/\/www.blosari.com\/blosari\/product\/a-little-insect-suite-pdf\/\">Read More<\/a><\/p>\n","protected":false},"featured_media":299,"comment_status":"closed","ping_status":"closed","template":"","meta":[],"_links":{"self":[{"href":"https:\/\/www.blosari.com\/blosari\/wp-json\/wp\/v2\/product\/562"}],"collection":[{"href":"https:\/\/www.blosari.com\/blosari\/wp-json\/wp\/v2\/product"}],"about":[{"href":"https:\/\/www.blosari.com\/blosari\/wp-json\/wp\/v2\/types\/product"}],"replies":[{"embeddable":true,"href":"https:\/\/www.blosari.com\/blosari\/wp-json\/wp\/v2\/comments?post=562"}],"wp:featuredmedia":[{"embeddable":true,"href":"https:\/\/www.blosari.com\/blosari\/wp-json\/wp\/v2\/media\/299"}],"wp:attachment":[{"href":"https:\/\/www.blosari.com\/blosari\/wp-json\/wp\/v2\/media?parent=562"}],"curies":[{"name":"wp","href":"https:\/\/api.w.org\/{rel}","templated":true}]}}