{"id":556,"date":"2015-04-05T18:06:23","date_gmt":"2015-04-05T16:06:23","guid":{"rendered":"http:\/\/www.blosari.com\/blosari\/?product=appandaun-pdf"},"modified":"2015-04-07T19:07:14","modified_gmt":"2015-04-07T17:07:14","slug":"appandaun-pdf","status":"publish","type":"product","link":"https:\/\/www.blosari.com\/blosari\/product\/appandaun-pdf\/","title":{"rendered":"App\u00e4ndaun (PDF)"},"content":{"rendered":"<p>Great tune for persons who have just started playing their instrument. All parts start from the enharmonic F-note. Sections of the band go up with other sections going down for the length of three whole-steps. Compositions thirds-seconds harmonics are formed via melodic and harmonic cross-movements. And like that wasn&#8217;t enough, the piece has been designed so that it forces the musician (and hence, the band) to practise dynamics and sectional dialogue.<\/p>\n<p>Orchestration for App\u00e4ndaun and Tr\u00f6\u00f6tt\u00e4\u00e4: Flute, Oboe, Clarinet, A-sax, T-sax, Horn in F, Horn in es, Trumpet, Trombone, Euphonium, Tuba, Snare Drum \/ Tambourine, Cymbal \/ Triangle, Bass Drum, Orchestral Bells.<\/p>\n<p>Both pieces of work can also be performed with a smaller line-up.<\/p>\n","protected":false},"excerpt":{"rendered":"<p><strong>FOR BEGINNERS <\/strong><br \/>\nApp\u00e4ndaun\u00a0 Grade: 0<\/p>\n<p>Composer: Janne Ikonen<\/p>\n<p><a target=\"_blank\" class=\"button blue small\" href=\"http:\/\/www.blosari.com\/blosari\/wp-content\/uploads\/2015\/01\/App\u00e4ndaun-score-sample.pdf\">Download sample<\/a><a class=\"excerpt\" href=\"https:\/\/www.blosari.com\/blosari\/product\/appandaun-pdf\/\">Read More<\/a><\/p>\n","protected":false},"featured_media":335,"comment_status":"closed","ping_status":"closed","template":"","meta":[],"_links":{"self":[{"href":"https:\/\/www.blosari.com\/blosari\/wp-json\/wp\/v2\/product\/556"}],"collection":[{"href":"https:\/\/www.blosari.com\/blosari\/wp-json\/wp\/v2\/product"}],"about":[{"href":"https:\/\/www.blosari.com\/blosari\/wp-json\/wp\/v2\/types\/product"}],"replies":[{"embeddable":true,"href":"https:\/\/www.blosari.com\/blosari\/wp-json\/wp\/v2\/comments?post=556"}],"wp:featuredmedia":[{"embeddable":true,"href":"https:\/\/www.blosari.com\/blosari\/wp-json\/wp\/v2\/media\/335"}],"wp:attachment":[{"href":"https:\/\/www.blosari.com\/blosari\/wp-json\/wp\/v2\/media?parent=556"}],"curies":[{"name":"wp","href":"https:\/\/api.w.org\/{rel}","templated":true}]}}