{"id":334,"date":"2015-01-12T22:20:04","date_gmt":"2015-01-12T20:20:04","guid":{"rendered":"http:\/\/www.blosari.com\/blosari\/?post_type=product&#038;p=334"},"modified":"2015-03-31T20:42:07","modified_gmt":"2015-03-31T18:42:07","slug":"honk-that-horn-troottaa","status":"publish","type":"product","link":"https:\/\/www.blosari.com\/blosari\/product\/honk-that-horn-troottaa\/","title":{"rendered":"Honk That Horn! &#8211; Tr\u00f6\u00f6tt\u00e4\u00e4!"},"content":{"rendered":"<p>Magnificient repertoire for the beginner. Tr\u00f6\u00f6tt\u00e4\u00e4 is based on two tonal starting points: Bb and F &#8211; notes. Hovering close to these levels three melodies are paralleling each other forming an exiting harmony in fourths and fifths. Tr\u00f6\u00f6tt\u00e4\u00e4 makes palying in an orchestra a magnificient experience with first sight.<\/p>\n<p>Orchestration for App\u00e4ndaun and Tr\u00f6\u00f6tt\u00e4\u00e4: Flute, Oboe, Clarinet, A-sax, T-sax, Horn in F, Horn in es, Trumpet, Trombone, Euphonium, Tuba, Snare Drum \/ Tambourine, Cymbal \/ Triangle, Bass Drum, Orchestral Bells.<br \/>\nBoth pieces of work can also be performed with a smaller line-up.<\/p>\n","protected":false},"excerpt":{"rendered":"<p>FOR BEGINNERS<br \/>\nHonk That Horn! &#8211; Tr\u00f6\u00f6tt\u00e4\u00e4!\u00a0 Grade: 0<\/p>\n<p>Composer: Janne Ikonen<\/p>\n<p><a target=\"_self\" class=\"button blue small\" href=\"http:\/\/www.blosari.com\/blosari\/wp-content\/uploads\/2015\/01\/Tr\u00f6\u00f6tt\u00e4\u00e4-SCORE-sample.pdf\">Download sample<\/a><a class=\"excerpt\" href=\"https:\/\/www.blosari.com\/blosari\/product\/honk-that-horn-troottaa\/\">Read More<\/a><\/p>\n","protected":false},"featured_media":341,"comment_status":"closed","ping_status":"closed","template":"","meta":[],"_links":{"self":[{"href":"https:\/\/www.blosari.com\/blosari\/wp-json\/wp\/v2\/product\/334"}],"collection":[{"href":"https:\/\/www.blosari.com\/blosari\/wp-json\/wp\/v2\/product"}],"about":[{"href":"https:\/\/www.blosari.com\/blosari\/wp-json\/wp\/v2\/types\/product"}],"replies":[{"embeddable":true,"href":"https:\/\/www.blosari.com\/blosari\/wp-json\/wp\/v2\/comments?post=334"}],"wp:featuredmedia":[{"embeddable":true,"href":"https:\/\/www.blosari.com\/blosari\/wp-json\/wp\/v2\/media\/341"}],"wp:attachment":[{"href":"https:\/\/www.blosari.com\/blosari\/wp-json\/wp\/v2\/media?parent=334"}],"curies":[{"name":"wp","href":"https:\/\/api.w.org\/{rel}","templated":true}]}}