{"id":296,"date":"2015-01-11T20:31:29","date_gmt":"2015-01-11T18:31:29","guid":{"rendered":"http:\/\/www.blosari.com\/blosari\/?post_type=product&#038;p=296"},"modified":"2016-02-20T19:25:34","modified_gmt":"2016-02-20T17:25:34","slug":"with-guts-and-heart","status":"publish","type":"product","link":"https:\/\/www.blosari.com\/blosari\/product\/with-guts-and-heart\/","title":{"rendered":"With Guts and Heart-Sisulla ja Syd\u00e4mmell\u00e4"},"content":{"rendered":"<p>Fresh samba march by Timo Hyt\u00f6nen<\/p>\n","protected":false},"excerpt":{"rendered":"<p>With Guts and Heart\u00a0\u00a0 Grade: 3\u00a0 Total time:<\/p>\n<p>Composer: Timo Hyt\u00f6nen<\/p>\n<p><a target=\"_self\" class=\"button blue small\" href=\"http:\/\/www.blosari.com\/blosari\/wp-content\/uploads\/2015\/01\/Sisulla-ja-syd\u00e4mell\u00e4-Sample.pdf\">Download sample<\/a><a class=\"excerpt\" href=\"https:\/\/www.blosari.com\/blosari\/product\/with-guts-and-heart\/\">Read More<\/a><\/p>\n","protected":false},"featured_media":627,"comment_status":"closed","ping_status":"closed","template":"","meta":[],"product_brand":[],"product_cat":[18],"product_tag":[],"class_list":{"0":"post-296","1":"product","2":"type-product","3":"status-publish","4":"has-post-thumbnail","6":"product_cat-windorchestra","8":"first","9":"instock","10":"shipping-taxable","11":"purchasable","12":"product-type-simple"},"_links":{"self":[{"href":"https:\/\/www.blosari.com\/blosari\/wp-json\/wp\/v2\/product\/296","targetHints":{"allow":["GET"]}}],"collection":[{"href":"https:\/\/www.blosari.com\/blosari\/wp-json\/wp\/v2\/product"}],"about":[{"href":"https:\/\/www.blosari.com\/blosari\/wp-json\/wp\/v2\/types\/product"}],"replies":[{"embeddable":true,"href":"https:\/\/www.blosari.com\/blosari\/wp-json\/wp\/v2\/comments?post=296"}],"wp:featuredmedia":[{"embeddable":true,"href":"https:\/\/www.blosari.com\/blosari\/wp-json\/wp\/v2\/media\/627"}],"wp:attachment":[{"href":"https:\/\/www.blosari.com\/blosari\/wp-json\/wp\/v2\/media?parent=296"}],"wp:term":[{"taxonomy":"product_brand","embeddable":true,"href":"https:\/\/www.blosari.com\/blosari\/wp-json\/wp\/v2\/product_brand?post=296"},{"taxonomy":"product_cat","embeddable":true,"href":"https:\/\/www.blosari.com\/blosari\/wp-json\/wp\/v2\/product_cat?post=296"},{"taxonomy":"product_tag","embeddable":true,"href":"https:\/\/www.blosari.com\/blosari\/wp-json\/wp\/v2\/product_tag?post=296"}],"curies":[{"name":"wp","href":"https:\/\/api.w.org\/{rel}","templated":true}]}}