{"id":2068,"date":"2026-01-14T21:11:17","date_gmt":"2026-01-14T19:11:17","guid":{"rendered":"https:\/\/www.blosari.com\/blosari\/?post_type=product&#038;p=2068"},"modified":"2026-01-14T21:52:19","modified_gmt":"2026-01-14T19:52:19","slug":"respect-vol-2","status":"publish","type":"product","link":"https:\/\/www.blosari.com\/blosari\/product\/respect-vol-2\/","title":{"rendered":"Respect vol 2"},"content":{"rendered":"<span class=\"themecolor\"><\/span>\n<p><strong>Respect \u2013 Jazz in Finland \u2013 The Real Book. vol 2<\/strong><\/p>\n<p>Suomalaiset jazzs\u00e4vellykset ovat nyt saaneet arvoisensa kodin.\u00a0\u00a0Pianisti Seppo Kantonen on koonnut kattavasti suomalaisten jazzs\u00e4velt\u00e4jien teoksia samaan kirjaan. Kirjasarjasta on tulossa nelj\u00e4osainen ja se on ensimm\u00e4inen lajiaan. Respect \u2013 Jazz in Finland 1. osa julkaistiin Viapori Jazz festivaalin yhteydess\u00e4 la 26.8.2017. Toinen osa julkaistiin\u00a0 2018.<br \/>\n<strong>\u00a0<\/strong><br \/>\n<strong>Respect \u2013 Jazz in Finland \u2013 The Real Book\u00a0<\/strong>esittelee t\u00e4ll\u00e4 hetkell\u00e4 aktiivisesti toimivia s\u00e4velt\u00e4ji\u00e4. Toisen kirjan s\u00e4velt\u00e4j\u00e4listalta l\u00f6ytyv\u00e4t Frank Carlberg, Vellu Halkosalmi, Jori Huhtala, Mikko Innanen, Jussi Kannaste, Seppo Kantonen, Eero Koivistoinen, Ulf Krokfors, Joonas Lepp\u00e4nen, Kalevi Louhivuori, Jaska Lukkarinen, Riitta Paakki, Markus Pesonen, Pekka Pylkk\u00e4nen, Pepa P\u00e4ivinen, Jenny Robson, Emma Salokoski, Heikki Sarmanto, Adele Sauros sek\u00e4 Teemu \u00c5kerblom.<\/p>\n<p>Jokainen s\u00e4velt\u00e4j\u00e4 sai itse valita kolme haluamaansa jazzs\u00e4vellyst\u00e4\u00e4n kirjaan. Seppo Kantonen editoi hyvinkin erilaisten teosten nuottikuvat linjakkaaksi kokonaisuudeksi ja graafikko Timo Saramaa viimeisteli kirjan luettavuuden. Hyv\u00e4 lis\u00e4 kirjan loppupuolella on levytysluettelo, jonka avulla on helppo l\u00f6yt\u00e4\u00e4 my\u00f6s soiva versio teoksista.\u00a0\u00a0117 -sivuinen kirja on A4-koossa ja se aukeaa helposti nuottitelineelle.<br \/>\nRespect \u2013 Jazz in Finland \u2013 The Real Book \u2013kirjan kustantaja on Blosari kustannus ja kirjan tekemisen on mahdollistanut Koneen s\u00e4\u00e4ti\u00f6 ja sit\u00e4 on tukenut my\u00f6s Suomen Jazzliitto.<\/p>\n<p><span style=\"color: #3366ff;\"><em>Kirjaa myy\u00a0mm. F-musiikki , Soitin Laine ja Ostinato<\/em><\/span><\/p>\n<p>&nbsp;<\/p>\n<p>&nbsp;<\/p>\n","protected":false},"excerpt":{"rendered":"<h3><strong>Respect <\/strong>Jazz in Finland <strong>The Real Book<\/strong>\u00a0 vol 2<\/h3>\n<h3>by <span style=\"color: #000000;\"><b>Seppo Kantonen<\/b><\/span><\/h3>\n<p><span style=\"color: #000000;\"><strong><em>(Kirjan hinta 36,27\u20ac +postitus 6\u20ac)<\/em><\/strong><\/span><\/p>\n<p>&nbsp;<a class=\"excerpt\" href=\"https:\/\/www.blosari.com\/blosari\/product\/respect-vol-2\/\">Read More<\/a><\/p>\n","protected":false},"featured_media":2069,"comment_status":"closed","ping_status":"closed","template":"","meta":[],"_links":{"self":[{"href":"https:\/\/www.blosari.com\/blosari\/wp-json\/wp\/v2\/product\/2068"}],"collection":[{"href":"https:\/\/www.blosari.com\/blosari\/wp-json\/wp\/v2\/product"}],"about":[{"href":"https:\/\/www.blosari.com\/blosari\/wp-json\/wp\/v2\/types\/product"}],"replies":[{"embeddable":true,"href":"https:\/\/www.blosari.com\/blosari\/wp-json\/wp\/v2\/comments?post=2068"}],"wp:featuredmedia":[{"embeddable":true,"href":"https:\/\/www.blosari.com\/blosari\/wp-json\/wp\/v2\/media\/2069"}],"wp:attachment":[{"href":"https:\/\/www.blosari.com\/blosari\/wp-json\/wp\/v2\/media?parent=2068"}],"curies":[{"name":"wp","href":"https:\/\/api.w.org\/{rel}","templated":true}]}}