{"id":1993,"date":"2025-03-14T13:27:28","date_gmt":"2025-03-14T11:27:28","guid":{"rendered":"https:\/\/www.blosari.com\/blosari\/?post_type=product&#038;p=1993"},"modified":"2025-03-14T15:15:57","modified_gmt":"2025-03-14T13:15:57","slug":"october","status":"publish","type":"product","link":"https:\/\/www.blosari.com\/blosari\/product\/october\/","title":{"rendered":"October"},"content":{"rendered":"<p><strong>October<\/strong> kuvaa nopeasti muuttuvaa syysmyrsky\u00e4,<br \/>\njoka alkaa rauhallisena sateena ja etenee monien<br \/>\nmyrskyisten s\u00e4\u00e4vaiheiden l\u00e4pi. Lopulta myrsky<br \/>\nkuitenkin tyyntyy ja p\u00e4\u00e4ttyy samaan rauhalliseen<br \/>\nsateeseen, jolla se alkoi.<br \/>\n<strong>October<\/strong> skildrar en snabbt f\u00f6r\u00e4nderlig<br \/>\nh\u00f6ststorm som b\u00f6rjar med lugnt regn och sedan<br \/>\ng\u00e5r igenom m\u00e5nga nyanser av stormigt v\u00e4der. Till<br \/>\nslut lugnar sig stormen och slutar med samma typ<br \/>\nav lugna regn som den b\u00f6rjade med.<br \/>\n<strong>October<\/strong> depict a fast-changing autumn storm<br \/>\nthat starts out with calm rain and then goes<br \/>\nthrough many shades of stormy weather.<br \/>\nEventually the storm calms down and ends with<br \/>\nthe same kind of calm rain that it started.<\/p>\n","protected":false},"excerpt":{"rendered":"<p><strong>October<\/strong> Grade 3-4 Total time\u00a0 4:23<\/p>\n<p>Composer: <strong>Benny Ojala<\/strong><\/p>\n<p><a target=\"_self\" class=\"button blue small\" href=\"https:\/\/www.blosari.com\/blosari\/wp-content\/uploads\/2025\/03\/OCTTOBER-ScoreSample.pdf\">Download sample<\/a><\/p>\n<p><a target=\"_self\" class=\"button red small\" href=\"https:\/\/www.blosari.com\/blosari\/wp-content\/uploads\/2025\/03\/October.mp3\">Listen<\/a><\/p>\n<p><strong><em>\u00a0<\/em><\/strong><\/p>\n<p><strong><em><span style=\"color: #ff0000;\">\u00a0<\/span><\/em><\/strong><a class=\"excerpt\" href=\"https:\/\/www.blosari.com\/blosari\/product\/october\/\">Read More<\/a><\/p>\n","protected":false},"featured_media":1994,"comment_status":"closed","ping_status":"closed","template":"","meta":[],"_links":{"self":[{"href":"https:\/\/www.blosari.com\/blosari\/wp-json\/wp\/v2\/product\/1993"}],"collection":[{"href":"https:\/\/www.blosari.com\/blosari\/wp-json\/wp\/v2\/product"}],"about":[{"href":"https:\/\/www.blosari.com\/blosari\/wp-json\/wp\/v2\/types\/product"}],"replies":[{"embeddable":true,"href":"https:\/\/www.blosari.com\/blosari\/wp-json\/wp\/v2\/comments?post=1993"}],"wp:featuredmedia":[{"embeddable":true,"href":"https:\/\/www.blosari.com\/blosari\/wp-json\/wp\/v2\/media\/1994"}],"wp:attachment":[{"href":"https:\/\/www.blosari.com\/blosari\/wp-json\/wp\/v2\/media?parent=1993"}],"curies":[{"name":"wp","href":"https:\/\/api.w.org\/{rel}","templated":true}]}}