{"id":1991,"date":"2025-03-14T12:39:31","date_gmt":"2025-03-14T10:39:31","guid":{"rendered":"https:\/\/www.blosari.com\/blosari\/?post_type=product&#038;p=1991"},"modified":"2025-03-14T15:16:54","modified_gmt":"2025-03-14T13:16:54","slug":"fanfare-overture","status":"publish","type":"product","link":"https:\/\/www.blosari.com\/blosari\/product\/fanfare-overture\/","title":{"rendered":"Fanfare &#038; Overture"},"content":{"rendered":"<p><strong>Fanfare &amp; Overture <\/strong>alkaa suoraan fanfaarilla,<br \/>\njonka j\u00e4lkeen seuraa p\u00e4\u00e4osin juhlallista<br \/>\ntunnelmaa heijastava osuus. Teos on saanut<br \/>\ninnoituksensa klassisista alkusoitoista, jotka ovat<br \/>\ntarinavetoisia ja kuin tarkoitettuja avaamaan ilta<br \/>\nsuurella pamauksella.<br \/>\n<strong>Fanfare &amp; Overture<\/strong> b\u00f6rjar med en fanfar f\u00f6ljt av<br \/>\nen del som fr\u00e4mst \u00e5terspeglar en festlig st\u00e4mning.<br \/>\nVerket \u00e4r inspirerat av klassiska ouvertyrer som \u00e4r<br \/>\nhistorieber\u00e4ttande och utformade f\u00f6r att b\u00f6rja<br \/>\nkv\u00e4llen med en sm\u00e4ll.<br \/>\n<strong>Fanfare &amp; Overture<\/strong> starts out with a fanfare<br \/>\nfollowed by a piece that mostly reflects a<br \/>\ncelebratory mood. The piece in inspired by<br \/>\nclassical overtures that are story-driven and<br \/>\ndesigned to start out the evening with a bang.<\/p>\n","protected":false},"excerpt":{"rendered":"<p><strong>Fanfare&amp;Overture<\/strong> Grade 3 Total time\u00a0 5:50<\/p>\n<p>Composer: <strong>Benny Ojala<\/strong><\/p>\n<p><a target=\"_self\" class=\"button blue small\" href=\"https:\/\/www.blosari.com\/blosari\/wp-content\/uploads\/2025\/03\/FanfareOvertureScoreSample.pdf\">Download sample<\/a><\/p>\n<p><a target=\"_self\" class=\"button red small\" href=\"https:\/\/www.blosari.com\/blosari\/wp-content\/uploads\/2025\/03\/Fanfar-Overture.mp3\">Listen<\/a><\/p>\n<p><strong><em>\u00a0<\/em><\/strong><\/p>\n<p><strong><em><span style=\"color: #ff0000;\">\u00a0<\/span><\/em><\/strong><a class=\"excerpt\" href=\"https:\/\/www.blosari.com\/blosari\/product\/fanfare-overture\/\">Read More<\/a><\/p>\n","protected":false},"featured_media":1988,"comment_status":"closed","ping_status":"closed","template":"","meta":[],"_links":{"self":[{"href":"https:\/\/www.blosari.com\/blosari\/wp-json\/wp\/v2\/product\/1991"}],"collection":[{"href":"https:\/\/www.blosari.com\/blosari\/wp-json\/wp\/v2\/product"}],"about":[{"href":"https:\/\/www.blosari.com\/blosari\/wp-json\/wp\/v2\/types\/product"}],"replies":[{"embeddable":true,"href":"https:\/\/www.blosari.com\/blosari\/wp-json\/wp\/v2\/comments?post=1991"}],"wp:featuredmedia":[{"embeddable":true,"href":"https:\/\/www.blosari.com\/blosari\/wp-json\/wp\/v2\/media\/1988"}],"wp:attachment":[{"href":"https:\/\/www.blosari.com\/blosari\/wp-json\/wp\/v2\/media?parent=1991"}],"curies":[{"name":"wp","href":"https:\/\/api.w.org\/{rel}","templated":true}]}}