{"id":1799,"date":"2022-11-02T22:16:29","date_gmt":"2022-11-02T20:16:29","guid":{"rendered":"https:\/\/www.blosari.com\/blosari\/?post_type=product&#038;p=1799"},"modified":"2025-02-02T10:57:59","modified_gmt":"2025-02-02T08:57:59","slug":"trumpetistin-kasikirja","status":"publish","type":"product","link":"https:\/\/www.blosari.com\/blosari\/product\/trumpetistin-kasikirja\/","title":{"rendered":"Trumpetistin k\u00e4sikirja (A4 Kokoinen)"},"content":{"rendered":"<p><strong>Trumpetistin k\u00e4sikirja<\/strong><\/p>\n<p>Kaksi suomalaisen musiikkiel\u00e4m\u00e4n kirkkaimman k\u00e4rjen soolotrumpetistia,<br \/>\npop-jazz -sektorin <strong>Tero Lindberg<\/strong> ja sinfoniaorkesterimaailman<br \/>\n<strong>Aki V\u00e4lim\u00e4ki<\/strong> keskustelivat vuosia trumpetin soittamisesta ja yhdistiv\u00e4t<br \/>\nn\u00e4kemyksens\u00e4 Trumpetistin k\u00e4sikirjaksi.<\/p>\n<p>Trumpetistin k\u00e4sikirja avaa selke\u00e4n n\u00e4kym\u00e4n \u00e4\u00e4nen syntyyn, ilmavirran<br \/>\nnopeuden s\u00e4\u00e4telyn mekanismeihin ja huulien v\u00e4r\u00e4htelyominaisuuksiin.<br \/>\nTrumpetistin k\u00e4sikirja auttaa harrastajia ja ammattilaisia rakentamaan<br \/>\npolun kohti laajempaa rekisteri\u00e4 ja parempaa soundia. Uusi teos trimmaa<br \/>\nmy\u00f6s sormien ja kielen tarkkuutta ja nopeutta. Trumpetistin k\u00e4sikirja on<br \/>\nmerkitt\u00e4v\u00e4 kulmakivi suomalaisen trumpetin soiton kehittymisess\u00e4.<\/p>\n<p>Kirja on A 4 -kokoinen ja 74 sivuinen. Kirjassa on ahaa-el\u00e4myksi\u00e4<br \/>\ntarjoava teoriaosio 22:sta eri aiheesta, sek\u00e4 40 sivun mittainen,<br \/>\ntarkkaan puntaroitu harjoitusosio.\u00a0 Kirjasta l\u00f6ytyy my\u00f6s QR-koodit,<br \/>\njoiden kautta lukijat p\u00e4\u00e4sev\u00e4t \u00e4lypuhelimillaan my\u00f6s suoraan<br \/>\nvideo-oppitunneille.<\/p>\n<p>Kirjan tekij\u00e4t ovat Tampere Filharmonian pitk\u00e4aikainen trumpettiryhm\u00e4n<br \/>\njohtaja ja\u00a0 Taideyliopiston Sibelius-Akatemian trumpetinsoiton lehtori<br \/>\nAki V\u00e4lim\u00e4ki, sek\u00e4 kevyen musiikin johtava trumpetistimme Tero Lindberg.<br \/>\nTero Lindbergin trumpetin soittoon keskittyv\u00e4n YouTube-kanavan \u201dThe<br \/>\nGolden Trumpet\u201d videoita on ihailtu miljoonia kertoja eri puolilla<br \/>\nmaailmaa. H\u00e4nen soololevyns\u00e4 \u201dKultaisen trumpetin paluu\u201d ja \u201dKultainen<br \/>\ntrumpetti iskee j\u00e4lleen\u201d ovat olleet arvostelumenestyksi\u00e4.<\/p>\n<p>Kirjan hinta on 36,27 \u20ac ( sis. 14% alv.) + postitusmaksu 6\u20ac =42,27\u20ac<\/p>\n","protected":false},"excerpt":{"rendered":"<p><strong>Trumpetistin k\u00e4sikirja<\/strong><\/p>\n<p><strong>Tero Lindberg\u00a0 ja Aki V\u00e4lim\u00e4ki\u00a0<\/strong><\/p>\n<p><em>(Kirjan hinta 36,27\u20ac\u00a0 sis. alv 14% + postitus 6\u20ac)<\/em><a class=\"excerpt\" href=\"https:\/\/www.blosari.com\/blosari\/product\/trumpetistin-kasikirja\/\">Read More<\/a><\/p>\n","protected":false},"featured_media":1800,"comment_status":"closed","ping_status":"closed","template":"","meta":[],"_links":{"self":[{"href":"https:\/\/www.blosari.com\/blosari\/wp-json\/wp\/v2\/product\/1799"}],"collection":[{"href":"https:\/\/www.blosari.com\/blosari\/wp-json\/wp\/v2\/product"}],"about":[{"href":"https:\/\/www.blosari.com\/blosari\/wp-json\/wp\/v2\/types\/product"}],"replies":[{"embeddable":true,"href":"https:\/\/www.blosari.com\/blosari\/wp-json\/wp\/v2\/comments?post=1799"}],"wp:featuredmedia":[{"embeddable":true,"href":"https:\/\/www.blosari.com\/blosari\/wp-json\/wp\/v2\/media\/1800"}],"wp:attachment":[{"href":"https:\/\/www.blosari.com\/blosari\/wp-json\/wp\/v2\/media?parent=1799"}],"curies":[{"name":"wp","href":"https:\/\/api.w.org\/{rel}","templated":true}]}}