{"id":1764,"date":"2022-03-20T20:48:51","date_gmt":"2022-03-20T18:48:51","guid":{"rendered":"https:\/\/www.blosari.com\/blosari\/?post_type=product&#038;p=1764"},"modified":"2025-02-02T10:59:41","modified_gmt":"2025-02-02T08:59:41","slug":"jazz","status":"publish","type":"product","link":"https:\/\/www.blosari.com\/blosari\/product\/jazz\/","title":{"rendered":"#Jazz"},"content":{"rendered":"<p><strong>Pope Puolitaival &#8211; #Jazz<\/strong><br \/>\n10 JAZZ &amp; FUNK -KAPPALETTA SOLISTILLE JA YHTYEELLE<\/p>\n<p>Pope Puolitaipaleen uusi kirja <strong>#Jazz<\/strong> k\u00e4\u00e4nt\u00e4\u00e4 aivosi uuteen asentoon ja<br \/>\navaa reitin funk\/jazzmusiikin\u00a0 luontevaan esitt\u00e4miseen.\u00a0 Popen<br \/>\npedagogisesti tarkkaan miettimiss\u00e4 s\u00e4vellyksiss\u00e4 on nautittava tunnelma<br \/>\nja samalla ne avaavat korvamme parempaan rytmin k\u00e4sittelyyn ja soolojen<br \/>\nrakentamiseen. Vaikeustasoltaan kappaleet sopivat hyvin musiikkiopiston<br \/>\nperusopetukseen, mutta haastetta l\u00f6ytyy kyll\u00e4 kaiken tasoisille<br \/>\nrytmimusiikin harrastajille.<br \/>\nC, Bb ja Eb -vireisten solistinuottien lis\u00e4ksi kirjan mukana<br \/>\ntulee my\u00f6s nuotit yhtyeelle. Kirjan kappaleita voi soittaa my\u00f6s \u201dtaustanauhan\u201d<br \/>\ns\u00e4estyksell\u00e4 , jolloin kanssasi soittavat rumpali Teppo M\u00e4kynen, basisti Antti<br \/>\nL\u00f6tj\u00f6nen ja pianisti Henri M\u00e4ntyl\u00e4.<\/p>\n<p><em>Linkki s\u00e4estyksiin:<\/em><br \/>\n<em>Links to the recordings of accompaniments in Pope Puolitaival #Jazz Youtube channel:<br \/>\n<\/em>https:\/\/www.youtube.com\/playlist?list=PL1FnZFVya-Q0mYXYukNPapjyJgs635Gxf<\/p>\n<p><em>\u201dPope Puolitaival johdattaa kaikkia kiinnostuneita jazzin soittamisen<\/em><br \/>\n<em>saloihin svengi ja groove edell\u00e4. Kappaleet ovat mielenkiintoisia,<\/em><br \/>\n<em>helposti omaksuttavia, mutta juuri sopivan haastavia. Nyt ollaan<\/em><br \/>\n<em>ytimess\u00e4! Hyv\u00e4 Pope!\u201d<\/em><br \/>\n-Jukkis Uotila<br \/>\nTaideyliopiston Sibelius-Akatemian jazzosaston professori<\/p>\n<p><strong>#Jazz<\/strong> contains ten funk \/ jazz compositions. Most of them are inspired<br \/>\nby the funk and jazz traditions, and some could even be called<br \/>\npastiches.<br \/>\nIn the book you will find versions for instruments in C, Bb and Eb, and<br \/>\nfor the comping. The compositions fit well for basic education of music<br \/>\nschools and conservatories but offer challenge also for other amateur<br \/>\nmusicians of other levels. The melodies are fairly easy, but the<br \/>\n(written) solos are more challenging. Many of the compositions are based<br \/>\non the basic elements of funk, namely pentatonic scale and blues scale.<\/p>\n<p>You will find the recordings of accompaniments in<br \/>\nPope Puolitaival #Jazz Youtube channel. Thus, you<br \/>\ncan play along with the best jazz musicians of Finland: Teppo M\u00e4kynen<br \/>\n(drums), Antti L\u00f6tj\u00f6nen (bass) and Henri M\u00e4ntyl\u00e4 (piano\/rhodes). Listen<br \/>\ncarefully to their wonderful playing and let it have an impact on your<br \/>\nown playing.<\/p>\n<p><em>\u201cWith an emphasis on swing and groove, Pope Puolitaival reveals the<\/em><br \/>\n<em>secrets of jazz for anyone interested in the subject. The compositions<\/em><br \/>\n<em>are fascinating, easy to master yet suitably challenging. Now we are at<\/em><br \/>\n<em>the core!Well done Pope!\u201d<\/em><br \/>\nJukkis Uotila<br \/>\nProfessor in jazz music Sibelius Academy of University of Arts<\/p>\n<p>Postitettava nidottu kirja 36,27 \u20ac ( sis. alv.14 %)<\/p>\n","protected":false},"excerpt":{"rendered":"<p><strong>Pope Puolitaival\u00a0 &#8211;\u00a0 #Jazz<\/strong><\/p>\n<p>10 JAZZ &amp; FUNK -KAPPALETTA SOLISTILLE JA YHTYEELLE<\/p>\n<p>10 JAZZ &amp; FUNK PIECES FOR SOLOIST AND BAND<\/p>\n<p><em>(Kirjan hinta 36,27\u20ac\u00a0 sis. alv 14% + postitus 6\u20ac)<\/em><a class=\"excerpt\" href=\"https:\/\/www.blosari.com\/blosari\/product\/jazz\/\">Read More<\/a><\/p>\n","protected":false},"featured_media":1765,"comment_status":"closed","ping_status":"closed","template":"","meta":[],"product_brand":[],"product_cat":[20],"product_tag":[],"class_list":{"0":"post-1764","1":"product","2":"type-product","3":"status-publish","4":"has-post-thumbnail","6":"product_cat-books","8":"first","9":"instock","10":"shipping-taxable","11":"purchasable","12":"product-type-simple"},"_links":{"self":[{"href":"https:\/\/www.blosari.com\/blosari\/wp-json\/wp\/v2\/product\/1764","targetHints":{"allow":["GET"]}}],"collection":[{"href":"https:\/\/www.blosari.com\/blosari\/wp-json\/wp\/v2\/product"}],"about":[{"href":"https:\/\/www.blosari.com\/blosari\/wp-json\/wp\/v2\/types\/product"}],"replies":[{"embeddable":true,"href":"https:\/\/www.blosari.com\/blosari\/wp-json\/wp\/v2\/comments?post=1764"}],"wp:featuredmedia":[{"embeddable":true,"href":"https:\/\/www.blosari.com\/blosari\/wp-json\/wp\/v2\/media\/1765"}],"wp:attachment":[{"href":"https:\/\/www.blosari.com\/blosari\/wp-json\/wp\/v2\/media?parent=1764"}],"wp:term":[{"taxonomy":"product_brand","embeddable":true,"href":"https:\/\/www.blosari.com\/blosari\/wp-json\/wp\/v2\/product_brand?post=1764"},{"taxonomy":"product_cat","embeddable":true,"href":"https:\/\/www.blosari.com\/blosari\/wp-json\/wp\/v2\/product_cat?post=1764"},{"taxonomy":"product_tag","embeddable":true,"href":"https:\/\/www.blosari.com\/blosari\/wp-json\/wp\/v2\/product_tag?post=1764"}],"curies":[{"name":"wp","href":"https:\/\/api.w.org\/{rel}","templated":true}]}}