{"id":1700,"date":"2021-09-17T15:11:52","date_gmt":"2021-09-17T13:11:52","guid":{"rendered":"https:\/\/www.blosari.com\/blosari\/?post_type=product&#038;p=1700"},"modified":"2021-09-17T15:31:25","modified_gmt":"2021-09-17T13:31:25","slug":"aili-ikonen-song-book-ladattava-pdf-versio","status":"publish","type":"product","link":"https:\/\/www.blosari.com\/blosari\/product\/aili-ikonen-song-book-ladattava-pdf-versio\/","title":{"rendered":"Aili Ikonen Song Book (Ladattava PDF-versio)"},"content":{"rendered":"<p><strong>Aili Ikonen Song Book &#8211; Nuori vapaa nainen<\/strong><br \/>\n23 laulua helposti luettavina nuotteina<\/p>\n<p>Aili Ikonen Song Bookista l\u00f6ytyy loppuun saakka hiotut helppolukuiset<br \/>\nnuottikuvat ja sanoitukset 23 lauluun, muun muassa teoksiin Valo, Ett\u00e4<br \/>\nn\u00e4kisin sinut taas, Laulan ja Nuori vapaa nainen.<\/p>\n<p>Aili Ikonen ja h\u00e4nen yhtyeens\u00e4 ovat toimineet suomenkielisen laulujazzin<br \/>\nlippulaivana jo 10 vuotta. Juhlan kunniaksi Aili Ikosen s\u00e4velt\u00e4m\u00e4t<br \/>\njazzlaulut saivat nyt arvoisensa nuottijulkaisun, joka kantaa nime\u00e4 Aili<br \/>\nIkonen Song Book &#8211; Nuori vapaa nainen. Kirja kokoaa yksiin kansiin 23<br \/>\nIkosen laulua albumeilta Laulan, Piirr\u00e4 minut ja Suru ei oo suora viiva.<\/p>\n<p>Ladattava PDF -versio 30 \u20ac<\/p>\n<h4><\/h4>\n<h4><\/h4>\n","protected":false},"excerpt":{"rendered":"<p><b><strong>Aili Ikonen Song Book &#8211; Nuori vapaa nainen\u00a0<\/strong><br \/>\n<\/b>23 laulua helposti luettavina nuotteina<\/p>\n<p><em>(Ladattava PDF -versio, hinta 30\u20ac )<\/em><a class=\"excerpt\" href=\"https:\/\/www.blosari.com\/blosari\/product\/aili-ikonen-song-book-ladattava-pdf-versio\/\">Read More<\/a><\/p>\n","protected":false},"featured_media":1698,"comment_status":"closed","ping_status":"closed","template":"","meta":[],"_links":{"self":[{"href":"https:\/\/www.blosari.com\/blosari\/wp-json\/wp\/v2\/product\/1700"}],"collection":[{"href":"https:\/\/www.blosari.com\/blosari\/wp-json\/wp\/v2\/product"}],"about":[{"href":"https:\/\/www.blosari.com\/blosari\/wp-json\/wp\/v2\/types\/product"}],"replies":[{"embeddable":true,"href":"https:\/\/www.blosari.com\/blosari\/wp-json\/wp\/v2\/comments?post=1700"}],"wp:featuredmedia":[{"embeddable":true,"href":"https:\/\/www.blosari.com\/blosari\/wp-json\/wp\/v2\/media\/1698"}],"wp:attachment":[{"href":"https:\/\/www.blosari.com\/blosari\/wp-json\/wp\/v2\/media?parent=1700"}],"curies":[{"name":"wp","href":"https:\/\/api.w.org\/{rel}","templated":true}]}}