{"id":1699,"date":"2021-09-17T14:52:49","date_gmt":"2021-09-17T12:52:49","guid":{"rendered":"https:\/\/www.blosari.com\/blosari\/?post_type=product&#038;p=1699"},"modified":"2025-02-02T11:01:33","modified_gmt":"2025-02-02T09:01:33","slug":"aili-ikonen-song-book-postitettava-nidottu-kirja","status":"publish","type":"product","link":"https:\/\/www.blosari.com\/blosari\/product\/aili-ikonen-song-book-postitettava-nidottu-kirja\/","title":{"rendered":"Aili Ikonen Song Book (postitettava nidottu kirja)"},"content":{"rendered":"<p><strong>Aili Ikonen Song Book &#8211; Nuori vapaa nainen\u00a0<\/strong><br \/>\n23 laulua helposti luettavina nuotteina<\/p>\n<p>Aili Ikonen Song Bookista l\u00f6ytyy loppuun saakka hiotut helppolukuiset<br \/>\nnuottikuvat ja sanoitukset 23 lauluun, muun muassa teoksiin Valo, Ett\u00e4<br \/>\nn\u00e4kisin sinut taas, Laulan ja Nuori vapaa nainen.<\/p>\n<p>Aili Ikonen ja h\u00e4nen yhtyeens\u00e4 ovat toimineet suomenkielisen laulujazzin<br \/>\nlippulaivana jo 10 vuotta. Juhlan kunniaksi Aili Ikosen s\u00e4velt\u00e4m\u00e4t<br \/>\njazzlaulut saivat nyt arvoisensa nuottijulkaisun, joka kantaa nime\u00e4 Aili<br \/>\nIkonen Song Book &#8211; Nuori vapaa nainen. Kirja kokoaa yksiin kansiin 23<br \/>\nIkosen laulua albumeilta Laulan, Piirr\u00e4 minut ja Suru ei oo suora viiva.<\/p>\n<p>Postitettava nidottu kirja 36,27 \u20ac ( sis. alv.14 %)<\/p>\n","protected":false},"excerpt":{"rendered":"<p><b><strong>Aili Ikonen Song Book &#8211; Nuori vapaa nainen\u00a0<\/strong><br \/>\n<\/b>23 laulua helposti luettavina nuotteina<\/p>\n<p><em>(Kirjan hinta 36,27\u20ac\u00a0 sis. alv 14% + postitus 6\u20ac)<\/em><a class=\"excerpt\" href=\"https:\/\/www.blosari.com\/blosari\/product\/aili-ikonen-song-book-postitettava-nidottu-kirja\/\">Read More<\/a><\/p>\n","protected":false},"featured_media":1698,"comment_status":"closed","ping_status":"closed","template":"","meta":[],"product_brand":[],"product_cat":[20],"product_tag":[],"class_list":{"0":"post-1699","1":"product","2":"type-product","3":"status-publish","4":"has-post-thumbnail","6":"product_cat-books","8":"first","9":"instock","10":"shipping-taxable","11":"purchasable","12":"product-type-simple"},"_links":{"self":[{"href":"https:\/\/www.blosari.com\/blosari\/wp-json\/wp\/v2\/product\/1699","targetHints":{"allow":["GET"]}}],"collection":[{"href":"https:\/\/www.blosari.com\/blosari\/wp-json\/wp\/v2\/product"}],"about":[{"href":"https:\/\/www.blosari.com\/blosari\/wp-json\/wp\/v2\/types\/product"}],"replies":[{"embeddable":true,"href":"https:\/\/www.blosari.com\/blosari\/wp-json\/wp\/v2\/comments?post=1699"}],"wp:featuredmedia":[{"embeddable":true,"href":"https:\/\/www.blosari.com\/blosari\/wp-json\/wp\/v2\/media\/1698"}],"wp:attachment":[{"href":"https:\/\/www.blosari.com\/blosari\/wp-json\/wp\/v2\/media?parent=1699"}],"wp:term":[{"taxonomy":"product_brand","embeddable":true,"href":"https:\/\/www.blosari.com\/blosari\/wp-json\/wp\/v2\/product_brand?post=1699"},{"taxonomy":"product_cat","embeddable":true,"href":"https:\/\/www.blosari.com\/blosari\/wp-json\/wp\/v2\/product_cat?post=1699"},{"taxonomy":"product_tag","embeddable":true,"href":"https:\/\/www.blosari.com\/blosari\/wp-json\/wp\/v2\/product_tag?post=1699"}],"curies":[{"name":"wp","href":"https:\/\/api.w.org\/{rel}","templated":true}]}}