{"id":169,"date":"2014-12-16T00:06:08","date_gmt":"2014-12-15T22:06:08","guid":{"rendered":"http:\/\/www.blosari.com\/blosari\/?post_type=product&#038;p=169"},"modified":"2025-04-08T21:33:01","modified_gmt":"2025-04-08T19:33:01","slug":"life-in-the-capital-city","status":"publish","type":"product","link":"https:\/\/www.blosari.com\/blosari\/product\/life-in-the-capital-city\/","title":{"rendered":"Life in The Capital City \/ Timo Forsstr\u00f6m"},"content":{"rendered":"<p>Life in The Capital City is a composition ordered by Soitinmusiikkiliitto. It was first performed in Europe February 2011 by G\u00f6teborg Wind Orchestra conducted by Sami Hannula( Sami Ruusuvuori) and\u00a0in USA\/ Midwest Clinic \u00a0December 2014 by Sibelius Academy Wind Ensemble conducted by Peter Larsen.<\/p>\n<p>First part, Five corners, is named after a junction in Helsinki from where five paths lead to five different atmospheres: to the beat of the downtown, bars on the edge of the city, greenness of a park, seashore and an old churchyard.<\/p>\n<p>Second part, Silent Park, describes the sorrow and pain following the killing of a young girl in a small town in southern Finland in July 2011. The next day park was filled with candles and flowers and despite the vast crowd present, the silence was overwhelming.<\/p>\n<p>The third part, Song of The Old Shipyard, portrays a dockyard for wooden ships in Viapori, an old fortress island just outside Helsinki.<\/p>\n<p class=\"western\"><span style=\"font-family: Arial,sans-serif;\"><span style=\"font-size: medium;\">Timo Forsstr\u00f6min Life in The Capital City on Soitinliiton tilausteos, ja sen kantaesitti G\u00f6teborg Wind Orchestra Sami Hannulan johdolla helmikuussa 2011.<\/span><\/span><\/p>\n<p class=\"western\"><span style=\"font-family: Arial,sans-serif;\"><span style=\"font-size: medium;\">Ensimm\u00e4inen osa, Five Corners, kertoo Helsingin Viiskulmasta, josta l\u00e4htev\u00e4t viisi katua viev\u00e4t viiteen erilaiseen tunnelmaan. Yksi vie keskustan sykkeeseen, toinen syrj\u00e4kujien baareihin, kolmas puistojen rauhaan, nelj\u00e4s meren rannalle ja satamaan ja viides vanhan kirkon luo.<br \/>\nToinen osa, Silent Park, kuvaa lapsen kuoleman synnytt\u00e4m\u00e4\u00e4 surua ja tuskaa. Se on muistuma lauantaista 17. hein\u00e4kuuta 2008. Keravalaisessa puistossa surmattiin silloin nuori tytt\u00f6. Seuraavana p\u00e4iv\u00e4n\u00e4 paikalle tuotiin kynttil\u00f6it\u00e4 ja kukkia. Paikalla oli runsaasti ihmisi\u00e4, mutta hiljaisuus oli pakahduttava.<br \/>\nKolmas osa, Song of The Old Shipyard, kuvaa Suomenlinnan kuivatelakkaa, jossa kev\u00e4\u00e4ll\u00e4 laivanrakentajat ahertavat vanhojen puulaivojen kimpussa odottaen merelle p\u00e4\u00e4sy\u00e4.<\/span><\/span><\/p>\n","protected":false},"excerpt":{"rendered":"<p>Life in The Capital City\u00a0 Grade: 4\u00a0 Total time: 14,20 min.<\/p>\n<p>1. Five Corners\u00a0 5min.<br \/>\n2. Silent Park\u00a0 4,45 min.<br \/>\n3. Song of The Old Shipyard\u00a0 4,35 min<\/p>\n<p>Composer:\u00a0 Timo Forsstr\u00f6m<\/p>\n<p><a target=\"_self\" class=\"button blue small\" href=\"http:\/\/www.blosari.com\/blosari\/wp-content\/uploads\/2015\/01\/Life-in-the-CC-eng-sample.pdf\">Download sample<\/a><\/p>\n<p><span class=\"Apple-style-span\"><strong><em>This material only as a postal matter (by mail). <\/em><\/strong><\/span><br \/>\n<span class=\"Apple-style-span\"><strong><em>T\u00e4m\u00e4n nuottimateriaalin saa vain postitse ( ei ladattavissa)<br \/>\n<\/em><\/strong><\/span><\/p>\n<p>&nbsp;<a class=\"excerpt\" href=\"https:\/\/www.blosari.com\/blosari\/product\/life-in-the-capital-city\/\">Read More<\/a><\/p>\n","protected":false},"featured_media":164,"comment_status":"closed","ping_status":"closed","template":"","meta":[],"product_brand":[],"product_cat":[18],"product_tag":[],"class_list":{"0":"post-169","1":"product","2":"type-product","3":"status-publish","4":"has-post-thumbnail","6":"product_cat-windorchestra","8":"first","9":"instock","10":"shipping-taxable","11":"purchasable","12":"product-type-simple"},"_links":{"self":[{"href":"https:\/\/www.blosari.com\/blosari\/wp-json\/wp\/v2\/product\/169","targetHints":{"allow":["GET"]}}],"collection":[{"href":"https:\/\/www.blosari.com\/blosari\/wp-json\/wp\/v2\/product"}],"about":[{"href":"https:\/\/www.blosari.com\/blosari\/wp-json\/wp\/v2\/types\/product"}],"replies":[{"embeddable":true,"href":"https:\/\/www.blosari.com\/blosari\/wp-json\/wp\/v2\/comments?post=169"}],"wp:featuredmedia":[{"embeddable":true,"href":"https:\/\/www.blosari.com\/blosari\/wp-json\/wp\/v2\/media\/164"}],"wp:attachment":[{"href":"https:\/\/www.blosari.com\/blosari\/wp-json\/wp\/v2\/media?parent=169"}],"wp:term":[{"taxonomy":"product_brand","embeddable":true,"href":"https:\/\/www.blosari.com\/blosari\/wp-json\/wp\/v2\/product_brand?post=169"},{"taxonomy":"product_cat","embeddable":true,"href":"https:\/\/www.blosari.com\/blosari\/wp-json\/wp\/v2\/product_cat?post=169"},{"taxonomy":"product_tag","embeddable":true,"href":"https:\/\/www.blosari.com\/blosari\/wp-json\/wp\/v2\/product_tag?post=169"}],"curies":[{"name":"wp","href":"https:\/\/api.w.org\/{rel}","templated":true}]}}