{"id":1665,"date":"2021-03-19T22:03:13","date_gmt":"2021-03-19T20:03:13","guid":{"rendered":"https:\/\/www.blosari.com\/blosari\/?post_type=product&#038;p=1665"},"modified":"2025-02-01T21:35:45","modified_gmt":"2025-02-01T19:35:45","slug":"miccos-jazz-etudes-for-trombone-sheet-music-book","status":"publish","type":"product","link":"https:\/\/www.blosari.com\/blosari\/product\/miccos-jazz-etudes-for-trombone-sheet-music-book\/","title":{"rendered":"Micco\u00b4s Jazz Etudes for Trombone (Sheet Music Book)"},"content":{"rendered":"<h4>Micco\u2019s Jazz Etudes &amp; Exercises is a brand new play-a-long book for jazz students, committed<br \/>\namateurs and professionals. These etudes have been written for the trumpet, trombone and<br \/>\nsaxophone, but are also available in concert key for singers, pianists and guitarists. The book<br \/>\nfeatures sixteen etudes based on six jazz tunes, each etude covering various scale and pattern<br \/>\nexercises.<\/h4>\n<h4>For five of the tunes I have written three etudes in different tempos (slow, medium and<br \/>\nmedium-up or uptempo). This gives you the option to practice the easiest etude (no. 1) at the<br \/>\nfastest tempo (no. 3) or reversely the most advanced etude (no. 3) at the slowest tempo (no. 1).<br \/>\nIt\u2019s up to you! There is also a \u201djam track\u201d for each tune which enables you to trade fours or eights<br \/>\nwith me. In addition, you will find tracks featuring only the rhythm section, allowing you to play the<br \/>\nmelody and then improvise freely.<\/h4>\n<h4>All the etudes have phrasing markings indicating how I articulate each phrase. However, feel free<br \/>\nto come up with your own way of phrasing. In addition, the book includes a few jazz licks you can<br \/>\npractice as well as exercises based on different scales. There is also an easy warm-up routine<br \/>\nwhich has been written for the trumpet but may be used for all brass instruments.<br \/>\nThe play-a-long recording features a live band: Teemu Eronen on the drums, Eerik Siikasaari on<br \/>\nthe bass and me on the piano. It was recorded at Teemu\u2019s Klassikko studio by Hannu<br \/>\nLamminm\u00e4ki. I later recorded the trumpet parts in my home studio.<\/h4>\n<h4>The songs:<br \/>\n1. Eddie Freelancer: A medium blues inspired by Freddie Freeloader from Miles<br \/>\nDavis\u2019 Kind Of Blue album<\/h4>\n<h4>2. Maybe Not: A medium-uptempo modal tune inspired by the Miles Davis classic So What<\/h4>\n<h4>3. Groovy Hat: A funky bossa nova based on four scales.<\/h4>\n<h4>4. I Got It: A simplified version of the George Gershwin classic I Got Rhythm with a different bridge<br \/>\nand a New Orleans second line groove<\/h4>\n<h4>5. Making O: A funky tune inspired by the saxophonist Maceo Parker, who is best know for his<br \/>\nlong association with James Brown<\/h4>\n<h4>6. Bluesy Minority: A swinging medium to medium-uptempo shuffle<br \/>\nThis hard bop tune was inspired by Art Blakey &amp; The Jazz Messengers as well as Cannonball<br \/>\nAdderley.<\/h4>\n<h4><\/h4>\n","protected":false},"excerpt":{"rendered":"<p><b> <strong>Micco\u2019s Jazz Etudes &amp; Exercises (2019)<\/strong><br \/>\n<strong>by Mikko Pettinen<\/strong><\/b><\/p>\n<p>Kirjan mukana saat linkin osoitteeseen josta l\u00f6yd\u00e4t play-a-long -s\u00e4estykset<\/p>\n<p><em>(Kirjan hinta 31,10\u20ac\u00a0 sis. alv 14% + postitus 6\u20ac)<\/em><a class=\"excerpt\" href=\"https:\/\/www.blosari.com\/blosari\/product\/miccos-jazz-etudes-for-trombone-sheet-music-book\/\">Read More<\/a><\/p>\n","protected":false},"featured_media":1383,"comment_status":"closed","ping_status":"closed","template":"","meta":[],"_links":{"self":[{"href":"https:\/\/www.blosari.com\/blosari\/wp-json\/wp\/v2\/product\/1665"}],"collection":[{"href":"https:\/\/www.blosari.com\/blosari\/wp-json\/wp\/v2\/product"}],"about":[{"href":"https:\/\/www.blosari.com\/blosari\/wp-json\/wp\/v2\/types\/product"}],"replies":[{"embeddable":true,"href":"https:\/\/www.blosari.com\/blosari\/wp-json\/wp\/v2\/comments?post=1665"}],"wp:featuredmedia":[{"embeddable":true,"href":"https:\/\/www.blosari.com\/blosari\/wp-json\/wp\/v2\/media\/1383"}],"wp:attachment":[{"href":"https:\/\/www.blosari.com\/blosari\/wp-json\/wp\/v2\/media?parent=1665"}],"curies":[{"name":"wp","href":"https:\/\/api.w.org\/{rel}","templated":true}]}}