{"id":1030,"date":"2017-04-15T20:39:30","date_gmt":"2017-04-15T18:39:30","guid":{"rendered":"http:\/\/www.blosari.com\/blosari\/?product=kolme-juhlaa"},"modified":"2018-03-18T22:34:04","modified_gmt":"2018-03-18T20:34:04","slug":"kolme-juhlaa","status":"publish","type":"product","link":"https:\/\/www.blosari.com\/blosari\/product\/kolme-juhlaa\/","title":{"rendered":"KOLME JUHLAA"},"content":{"rendered":"<p>KOLME JUHLAA \u00a0on Hyvink\u00e4\u00e4nkyl\u00e4n Puhallinorkesterin \u00a0tilausteos joka sis\u00e4lt\u00e4\u00e4 kolme erillist\u00e4 kappaletta.<br \/>\nSe kantaesitettiin \u00a0kapellimestari Jukka Palosen johdolla 16.4.2016 Hyvink\u00e4\u00e4-Salissa orkesterin 100-vuotis Juhlakonsertissa.<br \/>\nKolme Juhlaa l\u00f6ytyy Hyvink\u00e4\u00e4nkyl\u00e4n Puhallinorkesterin SATA CD-levylt\u00e4.<\/p>\n<p>1.KRUUNAJAISET on alkutempoltaan 104 iskua minuutissa ja fanfaariosuudella alkava ritariaikojen tunnelmia sis\u00e4lt\u00e4v\u00e4 4:10 -kestoinen juhlamarssi.<br \/>\nSe saattaa sis\u00e4lt\u00e4\u00e4 my\u00f6s hieman Linkola-vaikutteita.<br \/>\n2.PEIJAISET on tunnelmaltaan kepe\u00e4, 2:40 kest\u00e4v\u00e4 maalaiskarkeloita kuvaileva keskitempoinen duurihupaelma.<br \/>\n3.HARJAKAISET on 3:30 kestoinen marimban stemman sis\u00e4lt\u00e4v\u00e4 suomi-samba, jossa on my\u00f6s molliosuus.<\/p>\n","protected":false},"excerpt":{"rendered":"<p>KOLME JUHLAA \u00a0 Grade 3<br \/>\nComposer: Timo Forsstr\u00f6m<\/p>\n<p>1. Kruunajaiset \u00a0Total time 4&#8217;10&#8221;<br \/>\n2. Peijaiset \u00a0Total time 2&#8217;40&#8221;<br \/>\n3. Harjakaiset\u00a0Total time 3&#8217;30&#8221;<\/p>\n<p><a target=\"_self\" class=\"button blue small\" href=\"http:\/\/www.blosari.com\/blosari\/wp-content\/uploads\/2017\/04\/Kruunajaiset-SCORE-sample.pdf\">Download sample<\/a><br \/>\n<em>\u00c4\u00e4nin\u00e4ytteess\u00e4 on lyhyt ote joka kappaleesta.<\/em><br \/>\n<a target=\"_self\" class=\"button red small\" href=\"http:\/\/www.blosari.com\/blosari\/wp-content\/uploads\/2017\/04\/Kolme-juhlaa-n\u00e4ytteet.mp3\">Listen<\/a><\/p>\n<p>&nbsp;<\/p>\n<p><strong><em><span class=\"Apple-style-span\">This material only as a postal matter (by mail). <\/span><br \/>\n<span class=\"Apple-style-span\"><strong><em>T\u00e4m\u00e4n nuottimateriaalin saa vain postitse ( ei ladattavissa)<\/em><\/strong><\/span><\/em><\/strong><\/p>\n<p><strong><em><span style=\"color: #ff0000;\">\u00a0<\/span><\/em><\/strong><a class=\"excerpt\" href=\"https:\/\/www.blosari.com\/blosari\/product\/kolme-juhlaa\/\">Read More<\/a><\/p>\n","protected":false},"featured_media":1031,"comment_status":"closed","ping_status":"closed","template":"","meta":[],"_links":{"self":[{"href":"https:\/\/www.blosari.com\/blosari\/wp-json\/wp\/v2\/product\/1030"}],"collection":[{"href":"https:\/\/www.blosari.com\/blosari\/wp-json\/wp\/v2\/product"}],"about":[{"href":"https:\/\/www.blosari.com\/blosari\/wp-json\/wp\/v2\/types\/product"}],"replies":[{"embeddable":true,"href":"https:\/\/www.blosari.com\/blosari\/wp-json\/wp\/v2\/comments?post=1030"}],"wp:featuredmedia":[{"embeddable":true,"href":"https:\/\/www.blosari.com\/blosari\/wp-json\/wp\/v2\/media\/1031"}],"wp:attachment":[{"href":"https:\/\/www.blosari.com\/blosari\/wp-json\/wp\/v2\/media?parent=1030"}],"curies":[{"name":"wp","href":"https:\/\/api.w.org\/{rel}","templated":true}]}}