{"id":1024,"date":"2017-04-13T13:44:36","date_gmt":"2017-04-13T11:44:36","guid":{"rendered":"http:\/\/www.blosari.com\/blosari\/?product=kaupungin-aani-the-sound-of-city"},"modified":"2018-03-18T22:35:36","modified_gmt":"2018-03-18T20:35:36","slug":"kaupungin-aani-the-sound-of-city","status":"publish","type":"product","link":"https:\/\/www.blosari.com\/blosari\/product\/kaupungin-aani-the-sound-of-city\/","title":{"rendered":"KAUPUNGIN \u00c4\u00c4NI &#8211; THE SOUND OF CITY"},"content":{"rendered":"<p>KAUPUNGIN \u00c4\u00c4NI on Espoon kaupungin tilausteos. Sen kantaesitti Helsingin Poliisisoittokunta Sami Ruusuvuoren johdolla 6.12.2016 Metro-Areenalla Espoon kaupungin itsen\u00e4isyysp\u00e4iv\u00e4n juhlakonsertissa. Kantaesityksess\u00e4 orkesterin esityksen lis\u00e4ksi n\u00e4htiin kaupunkia esittelev\u00e4 kuvakollaasi.<\/p>\n","protected":false},"excerpt":{"rendered":"<p>KAUPUNGIN \u00c4\u00c4NI &#8211; THE SOUND OF CITY \u00a0 Grade 4 \u00a0Total time 7&#8217;00&#8221;<\/p>\n<p>Composer: Timo Forsstr\u00f6m<\/p>\n<p><a target=\"_self\" class=\"button blue small\" href=\"http:\/\/www.blosari.com\/blosari\/wp-content\/uploads\/2017\/04\/Kaupungin-\u00e4\u00e4ni-SAMPLE.pdf\">Download sample<\/a><\/p>\n<p><a target=\"_self\" class=\"button red small\" href=\"http:\/\/www.blosari.com\/blosari\/wp-content\/uploads\/2017\/04\/Kaupungin-\u00e4\u00e4ni-LIVE-mp3.mp3\">Listen<\/a><\/p>\n<p>&nbsp;<\/p>\n<p><strong><em><span class=\"Apple-style-span\">This material only as a postal matter (by mail). <\/span><br \/>\n<span class=\"Apple-style-span\"><strong><em>T\u00e4m\u00e4n nuottimateriaalin saa vain postitse ( ei ladattavissa)<\/em><\/strong><\/span><\/em><\/strong><\/p>\n<p><strong><em><span style=\"color: #ff0000;\">\u00a0<\/span><\/em><\/strong><a class=\"excerpt\" href=\"https:\/\/www.blosari.com\/blosari\/product\/kaupungin-aani-the-sound-of-city\/\">Read More<\/a><\/p>\n","protected":false},"featured_media":1028,"comment_status":"closed","ping_status":"closed","template":"","meta":[],"_links":{"self":[{"href":"https:\/\/www.blosari.com\/blosari\/wp-json\/wp\/v2\/product\/1024"}],"collection":[{"href":"https:\/\/www.blosari.com\/blosari\/wp-json\/wp\/v2\/product"}],"about":[{"href":"https:\/\/www.blosari.com\/blosari\/wp-json\/wp\/v2\/types\/product"}],"replies":[{"embeddable":true,"href":"https:\/\/www.blosari.com\/blosari\/wp-json\/wp\/v2\/comments?post=1024"}],"wp:featuredmedia":[{"embeddable":true,"href":"https:\/\/www.blosari.com\/blosari\/wp-json\/wp\/v2\/media\/1028"}],"wp:attachment":[{"href":"https:\/\/www.blosari.com\/blosari\/wp-json\/wp\/v2\/media?parent=1024"}],"curies":[{"name":"wp","href":"https:\/\/api.w.org\/{rel}","templated":true}]}}