{"id":157,"date":"2014-12-13T18:24:53","date_gmt":"2014-12-13T16:24:53","guid":{"rendered":"http:\/\/www.blosari.com\/blosari\/?page_id=157"},"modified":"2014-12-17T19:20:33","modified_gmt":"2014-12-17T17:20:33","slug":"terms-of-use","status":"publish","type":"page","link":"https:\/\/www.blosari.com\/blosari\/terms-of-use\/","title":{"rendered":"Terms of Use"},"content":{"rendered":"<p>By purchasing these notes, the purchasing organisation (Purchaser), in\u00a0the spirit of the Finnish copyright laws, agrees to the following:<\/p>\n<p><strong>1\u00a7 License to print and perform music purchased from Blosari Kustannus\u00a0Edition (Blosari) <\/strong><\/p>\n<p>Blosari gives rights to the Purchaser to print copies of the sheet music and to use them and copies made from them in rehearsals and performances.<\/p>\n<p><strong>2\u00a7 Agreement not to redistribute music purchased from Blosari<\/strong><\/p>\n<p>It is forbidden to give, purchase, copy, loan, rent, or sell, in any\u00a0form, sheet music music purchased from Blosari.<\/p>\n<p><strong>3\u00a7 Access to the pdf-files containing the purchased sheet music is\u00a0limited only to the Purchaser <\/strong><\/p>\n<p>It is strictly forbidden to give access to the pdf-files or a link to\u00a0such files containing sheet music purchased from Blosari to any third parties.<\/p>\n<p><strong>4\u00a7 Access to the link to pdf-files is limited to 7 days from the time of purchase<\/strong><\/p>\n<p><span class=\"im\">The Purchaser is allowed access to the link to the purchased pdf-files\u00a0<\/span>2 times for next 7 days from the time of purchase. Access will also be removed if\u00a0<span class=\"im\">the terms of this agreement are broken by the Purchaser.<\/span><\/p>\n<p><strong>5\u00a7 Perfomance notification is mandatory <\/strong><\/p>\n<p>The Purchaser promises to report to local performing rights organisation of any performances\u00a0or recordings of music purchased from the Blosari that they organise.<\/p>\n<p><strong>6\u00a7 Jurisdiction and governing law <\/strong><\/p>\n<p>The Purchaser agrees that all claims and disputes between Blosari and\u00a0the Purchaser that arise out of or relate in any way to these Terms of Use and\/or your use\u00a0of this Site will be governed by the laws of Finland, without regard to the principles governing\u00a0conflicts of any jurisdiction. You agree that you will bring any claims and\/or disputes that you\u00a0submit to the exclusive jurisdiction of, the district court of Helsinki, Finland (\u201cHelsingin k\u00e4r\u00e4j\u00e4oikeus\u201d\u00a0in Finnish) as the first instance. If you are, however, a user who is a consumer in Finland may, however, submit the claims and\/or disputes to the general court of first instance holding jurisdiction\u00a0in the district where you is domiciled provided, however, that you are domiciled in Finland.\u00a0You are a user who is a consumer in Finland shall also be entitled to seek a recommended resolution to the dispute from the Finnish Consumer Complaint Board (\u201ckuluttajavalituslautakunta\u201d in Finnish).<\/p>\n","protected":false},"excerpt":{"rendered":"<p>By purchasing these notes, the purchasing organisation (Purchaser), in\u00a0the spirit of the Finnish copyright laws, agrees to the following: 1\u00a7 License to print and perform music purchased from Blosari Kustannus\u00a0Edition (Blosari) Blosari gives rights to the Purchaser to print copies of the sheet music and to use them and copies made from them in rehearsals and performances. 2\u00a7 Agreement not to redistribute music purchased from Blosari It is forbidden to &hellip;<a class=\"excerpt\" href=\"https:\/\/www.blosari.com\/blosari\/terms-of-use\/\">Read More<\/a><\/p>\n","protected":false},"author":1,"featured_media":0,"parent":0,"menu_order":0,"comment_status":"closed","ping_status":"closed","template":"","meta":{"footnotes":""},"class_list":["post-157","page","type-page","status-publish","hentry"],"_links":{"self":[{"href":"https:\/\/www.blosari.com\/blosari\/wp-json\/wp\/v2\/pages\/157","targetHints":{"allow":["GET"]}}],"collection":[{"href":"https:\/\/www.blosari.com\/blosari\/wp-json\/wp\/v2\/pages"}],"about":[{"href":"https:\/\/www.blosari.com\/blosari\/wp-json\/wp\/v2\/types\/page"}],"author":[{"embeddable":true,"href":"https:\/\/www.blosari.com\/blosari\/wp-json\/wp\/v2\/users\/1"}],"replies":[{"embeddable":true,"href":"https:\/\/www.blosari.com\/blosari\/wp-json\/wp\/v2\/comments?post=157"}],"version-history":[{"count":1,"href":"https:\/\/www.blosari.com\/blosari\/wp-json\/wp\/v2\/pages\/157\/revisions"}],"predecessor-version":[{"id":159,"href":"https:\/\/www.blosari.com\/blosari\/wp-json\/wp\/v2\/pages\/157\/revisions\/159"}],"wp:attachment":[{"href":"https:\/\/www.blosari.com\/blosari\/wp-json\/wp\/v2\/media?parent=157"}],"curies":[{"name":"wp","href":"https:\/\/api.w.org\/{rel}","templated":true}]}}